{"id":2,"date":"2024-12-24T12:51:47","date_gmt":"2024-12-24T12:51:47","guid":{"rendered":"https:\/\/bilten.spk.rs\/publikacija2025\/?page_id=2"},"modified":"2026-01-19T22:15:43","modified_gmt":"2026-01-19T22:15:43","slug":"uvodna-rec","status":"publish","type":"page","link":"https:\/\/bilten.spk.rs\/publikacija2025\/uvodna-rec\/","title":{"rendered":"Uvodna re\u010d"},"content":{"rendered":"\t\t<div data-elementor-type=\"wp-page\" data-elementor-id=\"2\" class=\"elementor elementor-2\" data-elementor-post-type=\"page\">\n\t\t\t\t\t\t<section class=\"elementor-section elementor-top-section elementor-element elementor-element-f1ee027 elementor-section-boxed elementor-section-height-default elementor-section-height-default\" data-id=\"f1ee027\" data-element_type=\"section\" data-settings=\"{&quot;background_background&quot;:&quot;classic&quot;}\">\n\t\t\t\t\t\t<div class=\"elementor-container elementor-column-gap-default\">\n\t\t\t\t\t<div class=\"elementor-column elementor-col-100 elementor-top-column elementor-element elementor-element-d939cb0\" data-id=\"d939cb0\" data-element_type=\"column\">\n\t\t\t<div class=\"elementor-widget-wrap elementor-element-populated\">\n\t\t\t\t\t\t<div class=\"elementor-element elementor-element-04bbb25 elementor-widget elementor-widget-heading\" data-id=\"04bbb25\" data-element_type=\"widget\" data-widget_type=\"heading.default\">\n\t\t\t\t<div class=\"elementor-widget-container\">\n\t\t\t\t\t<h2 class=\"elementor-heading-title elementor-size-default\">Uvodna re\u010d<\/h2>\t\t\t\t<\/div>\n\t\t\t\t<\/div>\n\t\t\t\t\t<\/div>\n\t\t<\/div>\n\t\t\t\t\t<\/div>\n\t\t<\/section>\n\t\t\t\t<section class=\"elementor-section elementor-top-section elementor-element elementor-element-6c8c055 elementor-section-boxed elementor-section-height-default elementor-section-height-default\" data-id=\"6c8c055\" data-element_type=\"section\">\n\t\t\t\t\t\t<div class=\"elementor-container elementor-column-gap-default\">\n\t\t\t\t\t<div class=\"elementor-column elementor-col-50 elementor-top-column elementor-element elementor-element-a40cfa1\" data-id=\"a40cfa1\" data-element_type=\"column\">\n\t\t\t<div class=\"elementor-widget-wrap elementor-element-populated\">\n\t\t\t\t\t\t<div class=\"elementor-element elementor-element-c300321 elementor-widget-mobile__width-inherit elementor-widget elementor-widget-text-editor\" data-id=\"c300321\" data-element_type=\"widget\" data-widget_type=\"text-editor.default\">\n\t\t\t\t<div class=\"elementor-widget-container\">\n\t\t\t\t\t\t\t\t\t<p>Dragi \u010dlanovi,<\/p><p>Velika mi je \u010dast \u0161to mogu da vam se obratim u SPK publikaciji 2025, na zavr\u0161etku jo\u0161 jedne godine koja je, bez obzira na izazove, bila ispunjena energijom, inovacijama i zajedni\u010dkim uspehom.<\/p><p>Kada pogledamo unazad, vidimo godinu u kojoj su na\u0161i \u010dlanovi ostvarili va\u017ene poslovne iskorake, u kojoj su nastala nova partnerstva i u\u010dvr\u0161\u0107ene postoje\u0107e veze izme\u0111u slovena\u010dkih i srpskih kompanija. Vidimo godinu u kojoj smo zajedno dokazali da je saradnja \u2014 ne samo mogu\u0107nost, ve\u0107 i na\u0161a najja\u010da snaga.<\/p><p>Slovena\u010dki poslovni klub i dalje ostaje mesto susreta ideja, iskustava i ljudi koje povezuje zajedni\u010dka vizija: da stvaramo bolje uslove za poslovanje, da podsti\u010demo inovacije i da gradimo mostove izme\u0111u tr\u017ei\u0161ta, kompanija i ljudi. U vremenu u kojem se svet menja iz dana u dan, taj most ima va\u017eniju ulogu nego ikada.<\/p><p>Zahvaljujem se svim \u010dlanovima, partnerima i saradnicima. Va\u0161a posve\u0107enost, rad i profesionalizam omogu\u0107avaju da Klub ne bude samo formalna institucija, ve\u0107 \u017eiva zajednica \u2014 dinami\u010dna, otvorena i usmerena ka budu\u0107nosti.<\/p><p>Pred nama je nova godina, puna novih ambicija i mogu\u0107nosti. Verujem da \u0107emo i u narednih dvanaest meseci ostati dosledni svojoj misiji: da stvaramo prostor u kojem se dobre ideje prepoznaju, podr\u017eavaju i pretvaraju u konkretne rezultate.<\/p><p>Hvala vam \u0161to zajedno gradimo organizaciju kojom se s ponosom predstavljamo ne samo u Srbiji i Sloveniji, ve\u0107 i \u0161ire \u2014 kao primer uspe\u0161ne poslovne saradnje i me\u0111usobnog razumevanja.<\/p>\t\t\t\t\t\t\t\t<\/div>\n\t\t\t\t<\/div>\n\t\t\t\t\t<\/div>\n\t\t<\/div>\n\t\t\t\t<div class=\"elementor-column elementor-col-50 elementor-top-column elementor-element elementor-element-85b8f5c\" data-id=\"85b8f5c\" data-element_type=\"column\">\n\t\t\t<div class=\"elementor-widget-wrap elementor-element-populated\">\n\t\t\t\t\t\t<div class=\"elementor-element elementor-element-009d768 elementor-widget elementor-widget-image\" data-id=\"009d768\" data-element_type=\"widget\" data-widget_type=\"image.default\">\n\t\t\t\t<div class=\"elementor-widget-container\">\n\t\t\t\t\t\t\t\t\t\t\t\t\t\t\t<img fetchpriority=\"high\" decoding=\"async\" width=\"768\" height=\"1024\" src=\"https:\/\/bilten.spk.rs\/publikacija2025\/wp-content\/uploads\/2026\/01\/Slika_DF-1536x2048-1-768x1024.jpeg\" class=\"attachment-large size-large wp-image-892\" alt=\"\" srcset=\"https:\/\/bilten.spk.rs\/publikacija2025\/wp-content\/uploads\/2026\/01\/Slika_DF-1536x2048-1-768x1024.jpeg 768w, https:\/\/bilten.spk.rs\/publikacija2025\/wp-content\/uploads\/2026\/01\/Slika_DF-1536x2048-1-225x300.jpeg 225w, https:\/\/bilten.spk.rs\/publikacija2025\/wp-content\/uploads\/2026\/01\/Slika_DF-1536x2048-1-1152x1536.jpeg 1152w, https:\/\/bilten.spk.rs\/publikacija2025\/wp-content\/uploads\/2026\/01\/Slika_DF-1536x2048-1.jpeg 1536w\" sizes=\"(max-width: 768px) 100vw, 768px\" \/>\t\t\t\t\t\t\t\t\t\t\t\t\t\t\t<\/div>\n\t\t\t\t<\/div>\n\t\t\t\t<div class=\"elementor-element elementor-element-51e085a elementor-widget elementor-widget-heading\" data-id=\"51e085a\" data-element_type=\"widget\" data-widget_type=\"heading.default\">\n\t\t\t\t<div class=\"elementor-widget-container\">\n\t\t\t\t\t<h2 class=\"elementor-heading-title elementor-size-default\">Mag. Danijela Fi\u0161akov, predsednica SPK<\/h2>\t\t\t\t<\/div>\n\t\t\t\t<\/div>\n\t\t\t\t\t<\/div>\n\t\t<\/div>\n\t\t\t\t\t<\/div>\n\t\t<\/section>\n\t\t\t\t<section class=\"elementor-section elementor-top-section elementor-element elementor-element-13c8c69 elementor-section-boxed elementor-section-height-default elementor-section-height-default\" data-id=\"13c8c69\" data-element_type=\"section\">\n\t\t\t\t\t\t<div class=\"elementor-container elementor-column-gap-default\">\n\t\t\t\t\t<div class=\"elementor-column elementor-col-100 elementor-top-column elementor-element elementor-element-95ba251\" data-id=\"95ba251\" data-element_type=\"column\">\n\t\t\t<div class=\"elementor-widget-wrap elementor-element-populated\">\n\t\t\t\t\t\t<div class=\"elementor-element elementor-element-d93900b elementor-widget elementor-widget-text-editor\" data-id=\"d93900b\" data-element_type=\"widget\" data-widget_type=\"text-editor.default\">\n\t\t\t\t<div class=\"elementor-widget-container\">\n\t\t\t\t\t\t\t\t\t<p>Posebnu zahvalnost dugujemo i na\u0161im partnerima i saradnicima: dr\u017eavnim institucijama Republike Srbije i Republike Slovenije, SPIRIT-u, Ambasadi Republike Slovenije u Srbiji, Privrednoj komori Srbije, Gospodarskoj zbornici Slovenije, poslovnim asocijacijama i novinarima koji prate na\u0161 rad.<\/p><p>Posebno se zahvaljujem dugogodi\u0161njim prijateljima SPK-a: NLB Komercijalnoj banci, Triglav osiguranju, Intereuropi, Aktiva varovanju, Impol Sevalu, Savi osiguranju i Resalti, a od ove godine i kompanijama WMG Group i GH-Holding, kao i svim ostalim \u010dlanovima SPK-a koji su svojim idejama, konstruktivnim predlozima i finansijskom podr\u0161kom nesebi\u010dno doprinosili realizaciji na\u0161ih aktivnosti.<\/p><p>Zahvaljujem se i \u010dlanovima Upravnog odbora \u2014 Draganu Markovi\u0107u, Ninku Te\u0161i\u0107u, Vlastimiru Vukovi\u0107u, Miodragu Stojkovi\u0107u, Zoranu Lazuki\u0107u i Zoranu Popovi\u0107u \u2014 koji su podr\u017eavali svaku na\u0161u inicijativu i predstavljali sigurnu podr\u0161ku na\u0161em radu.<\/p><p>Hvala i svim ostalim, ovde nepomenutim kompanijama, koje su svojim \u010dlanstvom i ove godine doprinosile ugledu SPK-a. Nadam se da \u0107e se takva saradnja nastaviti i u budu\u0107nosti.<\/p><p>\u017delim vam da u 2026. godinu zakora\u010dite sa optimizmom, hrabro\u0161\u0107u i novom energijom. \u017delim vam dobro zdravlje, inspiraciju, mudre odluke i \u2014 naravno \u2014 uspeh u svakom poduhvatu.<\/p><p>S po\u0161tovanjem,<\/p>\t\t\t\t\t\t\t\t<\/div>\n\t\t\t\t<\/div>\n\t\t\t\t\t<\/div>\n\t\t<\/div>\n\t\t\t\t\t<\/div>\n\t\t<\/section>\n\t\t\t\t<\/div>\n\t\t","protected":false},"excerpt":{"rendered":"<p>Uvodna re\u010d Dragi \u010dlanovi, Velika mi je \u010dast \u0161to mogu da vam se obratim u SPK publikaciji 2025, na zavr\u0161etku [&hellip;]<\/p>\n","protected":false},"author":1,"featured_media":0,"parent":0,"menu_order":0,"comment_status":"closed","ping_status":"open","template":"","meta":{"site-sidebar-layout":"no-sidebar","site-content-layout":"","ast-site-content-layout":"full-width-container","site-content-style":"default","site-sidebar-style":"default","ast-global-header-display":"","ast-banner-title-visibility":"","ast-main-header-display":"","ast-hfb-above-header-display":"","ast-hfb-below-header-display":"","ast-hfb-mobile-header-display":"","site-post-title":"disabled","ast-breadcrumbs-content":"","ast-featured-img":"disabled","footer-sml-layout":"","theme-transparent-header-meta":"default","adv-header-id-meta":"","stick-header-meta":"","header-above-stick-meta":"","header-main-stick-meta":"","header-below-stick-meta":"","astra-migrate-meta-layouts":"set","ast-page-background-enabled":"default","ast-page-background-meta":{"desktop":{"background-color":"var(--ast-global-color-4)","background-image":"","background-repeat":"repeat","background-position":"center center","background-size":"auto","background-attachment":"scroll","background-type":"","background-media":"","overlay-type":"","overlay-color":"","overlay-opacity":"","overlay-gradient":""},"tablet":{"background-color":"","background-image":"","background-repeat":"repeat","background-position":"center center","background-size":"auto","background-attachment":"scroll","background-type":"","background-media":"","overlay-type":"","overlay-color":"","overlay-opacity":"","overlay-gradient":""},"mobile":{"background-color":"","background-image":"","background-repeat":"repeat","background-position":"center center","background-size":"auto","background-attachment":"scroll","background-type":"","background-media":"","overlay-type":"","overlay-color":"","overlay-opacity":"","overlay-gradient":""}},"ast-content-background-meta":{"desktop":{"background-color":"var(--ast-global-color-5)","background-image":"","background-repeat":"repeat","background-position":"center center","background-size":"auto","background-attachment":"scroll","background-type":"","background-media":"","overlay-type":"","overlay-color":"","overlay-opacity":"","overlay-gradient":""},"tablet":{"background-color":"var(--ast-global-color-5)","background-image":"","background-repeat":"repeat","background-position":"center center","background-size":"auto","background-attachment":"scroll","background-type":"","background-media":"","overlay-type":"","overlay-color":"","overlay-opacity":"","overlay-gradient":""},"mobile":{"background-color":"var(--ast-global-color-5)","background-image":"","background-repeat":"repeat","background-position":"center center","background-size":"auto","background-attachment":"scroll","background-type":"","background-media":"","overlay-type":"","overlay-color":"","overlay-opacity":"","overlay-gradient":""}},"footnotes":""},"class_list":["post-2","page","type-page","status-publish","hentry"],"_links":{"self":[{"href":"https:\/\/bilten.spk.rs\/publikacija2025\/wp-json\/wp\/v2\/pages\/2","targetHints":{"allow":["GET"]}}],"collection":[{"href":"https:\/\/bilten.spk.rs\/publikacija2025\/wp-json\/wp\/v2\/pages"}],"about":[{"href":"https:\/\/bilten.spk.rs\/publikacija2025\/wp-json\/wp\/v2\/types\/page"}],"author":[{"embeddable":true,"href":"https:\/\/bilten.spk.rs\/publikacija2025\/wp-json\/wp\/v2\/users\/1"}],"replies":[{"embeddable":true,"href":"https:\/\/bilten.spk.rs\/publikacija2025\/wp-json\/wp\/v2\/comments?post=2"}],"version-history":[{"count":32,"href":"https:\/\/bilten.spk.rs\/publikacija2025\/wp-json\/wp\/v2\/pages\/2\/revisions"}],"predecessor-version":[{"id":1435,"href":"https:\/\/bilten.spk.rs\/publikacija2025\/wp-json\/wp\/v2\/pages\/2\/revisions\/1435"}],"wp:attachment":[{"href":"https:\/\/bilten.spk.rs\/publikacija2025\/wp-json\/wp\/v2\/media?parent=2"}],"curies":[{"name":"wp","href":"https:\/\/api.w.org\/{rel}","templated":true}]}}