{"id":283,"date":"2024-12-26T12:58:59","date_gmt":"2024-12-26T12:58:59","guid":{"rendered":"https:\/\/bilten.spk.rs\/publikacija2025\/?page_id=283"},"modified":"2026-01-11T19:55:55","modified_gmt":"2026-01-11T19:55:55","slug":"o-spk","status":"publish","type":"page","link":"https:\/\/bilten.spk.rs\/publikacija2025\/o-spk\/","title":{"rendered":"O SPK"},"content":{"rendered":"\t\t<div data-elementor-type=\"wp-page\" data-elementor-id=\"283\" class=\"elementor elementor-283\" data-elementor-post-type=\"page\">\n\t\t\t\t\t\t<section class=\"elementor-section elementor-top-section elementor-element elementor-element-f24c227 elementor-section-boxed elementor-section-height-default elementor-section-height-default\" data-id=\"f24c227\" data-element_type=\"section\" data-settings=\"{&quot;background_background&quot;:&quot;classic&quot;}\">\n\t\t\t\t\t\t<div class=\"elementor-container elementor-column-gap-default\">\n\t\t\t\t\t<div class=\"elementor-column elementor-col-100 elementor-top-column elementor-element elementor-element-9e6108c\" data-id=\"9e6108c\" data-element_type=\"column\">\n\t\t\t<div class=\"elementor-widget-wrap elementor-element-populated\">\n\t\t\t\t\t\t<div class=\"elementor-element elementor-element-9f0023e elementor-widget elementor-widget-heading\" data-id=\"9f0023e\" data-element_type=\"widget\" data-widget_type=\"heading.default\">\n\t\t\t\t<div class=\"elementor-widget-container\">\n\t\t\t\t\t<h2 class=\"elementor-heading-title elementor-size-default\">O SPK<\/h2>\t\t\t\t<\/div>\n\t\t\t\t<\/div>\n\t\t\t\t\t<\/div>\n\t\t<\/div>\n\t\t\t\t\t<\/div>\n\t\t<\/section>\n\t\t<div class=\"elementor-element elementor-element-6014ae8 e-flex e-con-boxed e-con e-parent\" data-id=\"6014ae8\" data-element_type=\"container\">\n\t\t\t\t\t<div class=\"e-con-inner\">\n\t\t\t\t<div class=\"elementor-element elementor-element-dadc38d elementor-widget elementor-widget-text-editor\" data-id=\"dadc38d\" data-element_type=\"widget\" data-widget_type=\"text-editor.default\">\n\t\t\t\t<div class=\"elementor-widget-container\">\n\t\t\t\t\t\t\t\t\t<p>Slovena\u010dki poslovni klub (SPK) ve\u0107 22 godine predstavlja sna\u017ean oslonac i most saradnje izme\u0111u privreda Slovenije i Srbije. Danas okuplja 153 kompanija \u010dlanica i ubraja se me\u0111u tri najbrojnija i najuspe\u0161nija slovena\u010dka poslovna kluba u svetu, potvr\u0111uju\u0107i svoju va\u017enu ulogu u regionalnim i me\u0111unarodnim poslovnim krugovima.<\/p><p>Aktivnosti SPK-a razvijaju se u dva klju\u010dna pravca. Prvi obuhvata organizaciju poslovnih doga\u0111aja koji omogu\u0107avaju \u010dlanovima da se umre\u017eavaju, razmenjuju znanja i iskustva, edukuju i stvaraju nove poslovne prilike. U tom okviru, klub redovno organizuje regionalne konferencije, radne sastanke, poslovne doru\u010dke, seminare, B2B susrete i okrugle stolove sa uglednim u\u010desnicima iz Srbije, Slovenije i \u0161ireg regiona, uz intenzivnu saradnju sa doma\u0107im i me\u0111unarodnim poslovnim asocijacijama.<\/p><p>Drugi pravac delovanja usmeren je na individualnu podr\u0161ku kompanijama \u010dlanicama kroz direktan rad \u201ejedan na jedan\u201c. SPK aktivno poma\u017ee u re\u0161avanju konkretnih poslovnih izazova i u pronala\u017eenju pouzdanih partnera za saradnju. Uprkos savremenim tehnologijama i digitalnoj povezanosti, klub polazi od uverenja da su li\u010dni kontakt, poverenje i pravi ljudi i dalje klju\u010d uspe\u0161nog poslovnog dogovora.<\/p><p>Kontinuitet u radu, jasna vizija i sna\u017ena posve\u0107enost ciljevima u\u010dinili su Slovena\u010dki poslovni klub pouzdanim i dugoro\u010dnim partnerom svojim \u010dlanovima. Klub neguje prijateljske i interaktivne odnose me\u0111u kompanijama, ostvaruje aktivnu saradnju sa dr\u017eavnim institucijama Srbije i Slovenije, privrednim komorama i poslovnim udru\u017eenjima, te promovi\u0161e visoke eti\u010dke standarde u poslovanju.<\/p><p>Pored poslovnih aktivnosti, SPK organizuje i sportsko-poslovno-kulturne susrete, edukacije i savetovanja, kao i doga\u0111aje humanitarnog karaktera.<\/p><p>Vo\u0111en uverenjem da se vrhunskim rezultatima nikada ne treba u potpunosti zadovoljiti, Slovena\u010dki poslovni klub nastavlja da se razvija sa pove\u0107anom energijom i entuzijazmom. Njegova misija ostaje jasna \u2013 stvaranje uspe\u0161nih poslovnih pri\u010da i ja\u010danje slovena\u010dko-srpske privredne saradnje, kao trajnog i neraskidivog mosta izme\u0111u dve dr\u017eave.<\/p>\t\t\t\t\t\t\t\t<\/div>\n\t\t\t\t<\/div>\n\t\t\t\t\t<\/div>\n\t\t\t\t<\/div>\n\t\t\t\t<\/div>\n\t\t","protected":false},"excerpt":{"rendered":"<p>O SPK Slovena\u010dki poslovni klub (SPK) ve\u0107 22 godine predstavlja sna\u017ean oslonac i most saradnje izme\u0111u privreda Slovenije i Srbije. [&hellip;]<\/p>\n","protected":false},"author":1,"featured_media":0,"parent":0,"menu_order":0,"comment_status":"closed","ping_status":"closed","template":"","meta":{"site-sidebar-layout":"no-sidebar","site-content-layout":"","ast-site-content-layout":"full-width-container","site-content-style":"default","site-sidebar-style":"default","ast-global-header-display":"","ast-banner-title-visibility":"","ast-main-header-display":"","ast-hfb-above-header-display":"","ast-hfb-below-header-display":"","ast-hfb-mobile-header-display":"","site-post-title":"disabled","ast-breadcrumbs-content":"","ast-featured-img":"disabled","footer-sml-layout":"","theme-transparent-header-meta":"default","adv-header-id-meta":"","stick-header-meta":"","header-above-stick-meta":"","header-main-stick-meta":"","header-below-stick-meta":"","astra-migrate-meta-layouts":"set","ast-page-background-enabled":"default","ast-page-background-meta":{"desktop":{"background-color":"var(--ast-global-color-4)","background-image":"","background-repeat":"repeat","background-position":"center center","background-size":"auto","background-attachment":"scroll","background-type":"","background-media":"","overlay-type":"","overlay-color":"","overlay-opacity":"","overlay-gradient":""},"tablet":{"background-color":"","background-image":"","background-repeat":"repeat","background-position":"center center","background-size":"auto","background-attachment":"scroll","background-type":"","background-media":"","overlay-type":"","overlay-color":"","overlay-opacity":"","overlay-gradient":""},"mobile":{"background-color":"","background-image":"","background-repeat":"repeat","background-position":"center center","background-size":"auto","background-attachment":"scroll","background-type":"","background-media":"","overlay-type":"","overlay-color":"","overlay-opacity":"","overlay-gradient":""}},"ast-content-background-meta":{"desktop":{"background-color":"var(--ast-global-color-5)","background-image":"","background-repeat":"repeat","background-position":"center center","background-size":"auto","background-attachment":"scroll","background-type":"","background-media":"","overlay-type":"","overlay-color":"","overlay-opacity":"","overlay-gradient":""},"tablet":{"background-color":"var(--ast-global-color-5)","background-image":"","background-repeat":"repeat","background-position":"center center","background-size":"auto","background-attachment":"scroll","background-type":"","background-media":"","overlay-type":"","overlay-color":"","overlay-opacity":"","overlay-gradient":""},"mobile":{"background-color":"var(--ast-global-color-5)","background-image":"","background-repeat":"repeat","background-position":"center center","background-size":"auto","background-attachment":"scroll","background-type":"","background-media":"","overlay-type":"","overlay-color":"","overlay-opacity":"","overlay-gradient":""}},"footnotes":""},"class_list":["post-283","page","type-page","status-publish","hentry"],"_links":{"self":[{"href":"https:\/\/bilten.spk.rs\/publikacija2025\/wp-json\/wp\/v2\/pages\/283","targetHints":{"allow":["GET"]}}],"collection":[{"href":"https:\/\/bilten.spk.rs\/publikacija2025\/wp-json\/wp\/v2\/pages"}],"about":[{"href":"https:\/\/bilten.spk.rs\/publikacija2025\/wp-json\/wp\/v2\/types\/page"}],"author":[{"embeddable":true,"href":"https:\/\/bilten.spk.rs\/publikacija2025\/wp-json\/wp\/v2\/users\/1"}],"replies":[{"embeddable":true,"href":"https:\/\/bilten.spk.rs\/publikacija2025\/wp-json\/wp\/v2\/comments?post=283"}],"version-history":[{"count":16,"href":"https:\/\/bilten.spk.rs\/publikacija2025\/wp-json\/wp\/v2\/pages\/283\/revisions"}],"predecessor-version":[{"id":891,"href":"https:\/\/bilten.spk.rs\/publikacija2025\/wp-json\/wp\/v2\/pages\/283\/revisions\/891"}],"wp:attachment":[{"href":"https:\/\/bilten.spk.rs\/publikacija2025\/wp-json\/wp\/v2\/media?parent=283"}],"curies":[{"name":"wp","href":"https:\/\/api.w.org\/{rel}","templated":true}]}}