{"id":635,"date":"2025-01-10T09:04:59","date_gmt":"2025-01-10T09:04:59","guid":{"rendered":"https:\/\/bilten.spk.rs\/publikacija2025\/?page_id=635"},"modified":"2026-01-11T19:55:33","modified_gmt":"2026-01-11T19:55:33","slug":"o-spk-2","status":"publish","type":"page","link":"https:\/\/bilten.spk.rs\/publikacija2025\/sl\/o-spk-2\/","title":{"rendered":"O SPK"},"content":{"rendered":"\t\t<div data-elementor-type=\"wp-page\" data-elementor-id=\"635\" class=\"elementor elementor-635\" data-elementor-post-type=\"page\">\n\t\t\t\t\t\t<section class=\"elementor-section elementor-top-section elementor-element elementor-element-f24c227 elementor-section-boxed elementor-section-height-default elementor-section-height-default\" data-id=\"f24c227\" data-element_type=\"section\" data-settings=\"{&quot;background_background&quot;:&quot;classic&quot;}\">\n\t\t\t\t\t\t<div class=\"elementor-container elementor-column-gap-default\">\n\t\t\t\t\t<div class=\"elementor-column elementor-col-100 elementor-top-column elementor-element elementor-element-9e6108c\" data-id=\"9e6108c\" data-element_type=\"column\">\n\t\t\t<div class=\"elementor-widget-wrap elementor-element-populated\">\n\t\t\t\t\t\t<div class=\"elementor-element elementor-element-9f0023e elementor-widget elementor-widget-heading\" data-id=\"9f0023e\" data-element_type=\"widget\" data-widget_type=\"heading.default\">\n\t\t\t\t<div class=\"elementor-widget-container\">\n\t\t\t\t\t<h2 class=\"elementor-heading-title elementor-size-default\">O SPK<\/h2>\t\t\t\t<\/div>\n\t\t\t\t<\/div>\n\t\t\t\t\t<\/div>\n\t\t<\/div>\n\t\t\t\t\t<\/div>\n\t\t<\/section>\n\t\t<div class=\"elementor-element elementor-element-6014ae8 e-flex e-con-boxed e-con e-parent\" data-id=\"6014ae8\" data-element_type=\"container\">\n\t\t\t\t\t<div class=\"e-con-inner\">\n\t\t\t\t<div class=\"elementor-element elementor-element-dadc38d elementor-widget elementor-widget-text-editor\" data-id=\"dadc38d\" data-element_type=\"widget\" data-widget_type=\"text-editor.default\">\n\t\t\t\t<div class=\"elementor-widget-container\">\n\t\t\t\t\t\t\t\t\t<p>Slovenski poslovni klub (SPK) \u017ee 22 let predstavlja mo\u010dno oporo in most sodelovanja med gospodarstvoma Slovenije in Srbije. Danes zdru\u017euje 153 podjetij \u010dlanic in se uvr\u0161\u010da med tri naj\u0161tevil\u010dnej\u0161e in najuspe\u0161nej\u0161e slovenske poslovne klube na svetu, kar potrjuje njegovo pomembno vlogo v regionalnih in mednarodnih poslovnih krogih.<\/p><p>Dejavnosti SPK se razvijajo v dveh klju\u010dnih smereh. Prva zajema organizacijo poslovnih dogodkov, ki \u010dlanom omogo\u010dajo mre\u017eenje, izmenjavo znanj in izku\u0161enj, izobra\u017eevanje ter ustvarjanje novih poslovnih prilo\u017enosti. V tem okviru klub redno organizira regionalne konference, delovne sestanke, poslovne zajtrke, seminarje, B2B sre\u010danja in okrogle mize z uglednimi udele\u017eenci iz Srbije, Slovenije in \u0161ir\u0161e regije, ob intenzivnem sodelovanju z doma\u010dimi in mednarodnimi poslovnimi zdru\u017eenji.<\/p><p>Druga smer delovanja je usmerjena v individualno podporo podjetjem \u010dlanicam skozi neposredno delo \u201eena na ena&#8221;. SPK aktivno pomaga pri re\u0161evanju konkretnih poslovnih izzivov ter pri iskanju zanesljivih partnerjev za sodelovanje. Kljub sodobnim tehnologijam in digitalni povezanosti klub izhaja iz prepri\u010danja, da so osebni stik, zaupanje ter pravi ljudje \u0161e vedno klju\u010d do uspe\u0161nega poslovnega dogovora.<\/p><p>Kontinuiteta delovanja, jasna vizija in mo\u010dna predanost ciljem so Slovenski poslovni klub uveljavili kot zanesljivega in dolgoro\u010dnega partnerja svojih \u010dlanov. Klub neguje prijateljske in interaktivne odnose med podjetji, vzpostavlja aktivno sodelovanje z dr\u017eavnimi institucijami Srbije in Slovenije, gospodarskimi zbornicami in poslovnimi zdru\u017eenji ter spodbuja visoke eti\u010dne standarde v poslovanju.<\/p><p>Poleg poslovnih aktivnosti SPK organizira tudi \u0161portno-poslovno-kulturna sre\u010danja, izobra\u017eevanja in svetovanja ter dogodke humanitarnega zna\u010daja.<\/p><p>Voden z prepri\u010danjem, da se z vrhunskimi rezultati nikoli ne smemo povsem zadovoljiti, Slovenski poslovni klub nadaljuje svoj razvoj z ve\u010djo energijo in entuziazmom. Njegovo poslanstvo ostaja jasno \u2013 ustvarjanje uspe\u0161nih poslovnih zgodb in krepitev slovensko-srbskega gospodarskega sodelovanja kot trajnega in nelo\u010dljivega mostu med dr\u017eavama.<\/p>\t\t\t\t\t\t\t\t<\/div>\n\t\t\t\t<\/div>\n\t\t\t\t\t<\/div>\n\t\t\t\t<\/div>\n\t\t\t\t<\/div>\n\t\t","protected":false},"excerpt":{"rendered":"<p>O SPK Slovenski poslovni klub (SPK) \u017ee 22 let predstavlja mo\u010dno oporo in most sodelovanja med gospodarstvoma Slovenije in Srbije. [&hellip;]<\/p>\n","protected":false},"author":1,"featured_media":0,"parent":0,"menu_order":0,"comment_status":"closed","ping_status":"closed","template":"","meta":{"site-sidebar-layout":"no-sidebar","site-content-layout":"","ast-site-content-layout":"full-width-container","site-content-style":"default","site-sidebar-style":"default","ast-global-header-display":"","ast-banner-title-visibility":"","ast-main-header-display":"","ast-hfb-above-header-display":"","ast-hfb-below-header-display":"","ast-hfb-mobile-header-display":"","site-post-title":"disabled","ast-breadcrumbs-content":"","ast-featured-img":"disabled","footer-sml-layout":"","theme-transparent-header-meta":"default","adv-header-id-meta":"","stick-header-meta":"","header-above-stick-meta":"","header-main-stick-meta":"","header-below-stick-meta":"","astra-migrate-meta-layouts":"set","ast-page-background-enabled":"default","ast-page-background-meta":{"desktop":{"background-color":"var(--ast-global-color-4)","background-image":"","background-repeat":"repeat","background-position":"center center","background-size":"auto","background-attachment":"scroll","background-type":"","background-media":"","overlay-type":"","overlay-color":"","overlay-opacity":"","overlay-gradient":""},"tablet":{"background-color":"","background-image":"","background-repeat":"repeat","background-position":"center center","background-size":"auto","background-attachment":"scroll","background-type":"","background-media":"","overlay-type":"","overlay-color":"","overlay-opacity":"","overlay-gradient":""},"mobile":{"background-color":"","background-image":"","background-repeat":"repeat","background-position":"center center","background-size":"auto","background-attachment":"scroll","background-type":"","background-media":"","overlay-type":"","overlay-color":"","overlay-opacity":"","overlay-gradient":""}},"ast-content-background-meta":{"desktop":{"background-color":"var(--ast-global-color-5)","background-image":"","background-repeat":"repeat","background-position":"center center","background-size":"auto","background-attachment":"scroll","background-type":"","background-media":"","overlay-type":"","overlay-color":"","overlay-opacity":"","overlay-gradient":""},"tablet":{"background-color":"var(--ast-global-color-5)","background-image":"","background-repeat":"repeat","background-position":"center center","background-size":"auto","background-attachment":"scroll","background-type":"","background-media":"","overlay-type":"","overlay-color":"","overlay-opacity":"","overlay-gradient":""},"mobile":{"background-color":"var(--ast-global-color-5)","background-image":"","background-repeat":"repeat","background-position":"center center","background-size":"auto","background-attachment":"scroll","background-type":"","background-media":"","overlay-type":"","overlay-color":"","overlay-opacity":"","overlay-gradient":""}},"footnotes":""},"class_list":["post-635","page","type-page","status-publish","hentry"],"_links":{"self":[{"href":"https:\/\/bilten.spk.rs\/publikacija2025\/wp-json\/wp\/v2\/pages\/635","targetHints":{"allow":["GET"]}}],"collection":[{"href":"https:\/\/bilten.spk.rs\/publikacija2025\/wp-json\/wp\/v2\/pages"}],"about":[{"href":"https:\/\/bilten.spk.rs\/publikacija2025\/wp-json\/wp\/v2\/types\/page"}],"author":[{"embeddable":true,"href":"https:\/\/bilten.spk.rs\/publikacija2025\/wp-json\/wp\/v2\/users\/1"}],"replies":[{"embeddable":true,"href":"https:\/\/bilten.spk.rs\/publikacija2025\/wp-json\/wp\/v2\/comments?post=635"}],"version-history":[{"count":22,"href":"https:\/\/bilten.spk.rs\/publikacija2025\/wp-json\/wp\/v2\/pages\/635\/revisions"}],"predecessor-version":[{"id":888,"href":"https:\/\/bilten.spk.rs\/publikacija2025\/wp-json\/wp\/v2\/pages\/635\/revisions\/888"}],"wp:attachment":[{"href":"https:\/\/bilten.spk.rs\/publikacija2025\/wp-json\/wp\/v2\/media?parent=635"}],"curies":[{"name":"wp","href":"https:\/\/api.w.org\/{rel}","templated":true}]}}