{"id":643,"date":"2025-01-10T09:08:33","date_gmt":"2025-01-10T09:08:33","guid":{"rendered":"https:\/\/bilten.spk.rs\/publikacija2025\/?page_id=643"},"modified":"2026-01-19T22:16:08","modified_gmt":"2026-01-19T22:16:08","slug":"uvodna-rec-2","status":"publish","type":"page","link":"https:\/\/bilten.spk.rs\/publikacija2025\/sl\/uvodna-rec-2\/","title":{"rendered":"Uvodna re\u010d"},"content":{"rendered":"\t\t<div data-elementor-type=\"wp-page\" data-elementor-id=\"643\" class=\"elementor elementor-643\" data-elementor-post-type=\"page\">\n\t\t\t\t\t\t<section class=\"elementor-section elementor-top-section elementor-element elementor-element-f1ee027 elementor-section-boxed elementor-section-height-default elementor-section-height-default\" data-id=\"f1ee027\" data-element_type=\"section\" data-settings=\"{&quot;background_background&quot;:&quot;classic&quot;}\">\n\t\t\t\t\t\t<div class=\"elementor-container elementor-column-gap-default\">\n\t\t\t\t\t<div class=\"elementor-column elementor-col-100 elementor-top-column elementor-element elementor-element-d939cb0\" data-id=\"d939cb0\" data-element_type=\"column\">\n\t\t\t<div class=\"elementor-widget-wrap elementor-element-populated\">\n\t\t\t\t\t\t<div class=\"elementor-element elementor-element-04bbb25 elementor-widget elementor-widget-heading\" data-id=\"04bbb25\" data-element_type=\"widget\" data-widget_type=\"heading.default\">\n\t\t\t\t<div class=\"elementor-widget-container\">\n\t\t\t\t\t<h2 class=\"elementor-heading-title elementor-size-default\">Uvodna beseda<\/h2>\t\t\t\t<\/div>\n\t\t\t\t<\/div>\n\t\t\t\t\t<\/div>\n\t\t<\/div>\n\t\t\t\t\t<\/div>\n\t\t<\/section>\n\t\t\t\t<section class=\"elementor-section elementor-top-section elementor-element elementor-element-6c8c055 elementor-section-boxed elementor-section-height-default elementor-section-height-default\" data-id=\"6c8c055\" data-element_type=\"section\">\n\t\t\t\t\t\t<div class=\"elementor-container elementor-column-gap-default\">\n\t\t\t\t\t<div class=\"elementor-column elementor-col-50 elementor-top-column elementor-element elementor-element-a40cfa1\" data-id=\"a40cfa1\" data-element_type=\"column\">\n\t\t\t<div class=\"elementor-widget-wrap elementor-element-populated\">\n\t\t\t\t\t\t<div class=\"elementor-element elementor-element-c300321 elementor-widget-mobile__width-inherit elementor-widget elementor-widget-text-editor\" data-id=\"c300321\" data-element_type=\"widget\" data-widget_type=\"text-editor.default\">\n\t\t\t\t<div class=\"elementor-widget-container\">\n\t\t\t\t\t\t\t\t\t<p>Velika mi je \u010dast, da vas nagovorim v SPK publikaciji 2025, ob zaklju\u010dku \u0161e enega leta, ki je kljub izzivom bilo polno energije, inovacij in skupnih uspehov.<\/p>\n<p>Ko pogledamo nazaj, vidimo leto, v katerem so na\u0161i \u010dlani dosegli pomembne poslovne preboje, v katerem so nastala nova partnerstva in so se utrdile obstoje\u010de vezi med slovenskimi in srbski podjetji. To je leto, v katerem smo skupaj dokazali, da sodelovanje ni le mo\u017enost, ampak na\u0161a najve\u010dja mo\u010d.<\/p>\n<p>Slovenski poslovni klub ostaja prostor sre\u010devanja idej, izku\u0161enj in ljudi, zdru\u017eenih z vizijo: ustvarjanje bolj\u0161ih pogojev za poslovanje, spodbujanje inovacij in gradnja mostov med trgi, podjetji in ljudmi. V \u010dasu, ko se svet spreminja iz dneva v dan, ima ta most pomembnej\u0161o vlogo kot kdajkoli prej.<\/p>\n<p>Zahvaljujem se vsem \u010dlanom, partnerjem in sodelavcem. Va\u0161a predanost, delo in profesionalnost omogo\u010dajo, da Klub ni le formalna institucija, ampak \u017eiva skupnost \u2014 dinami\u010dna, odprta in usmerjena k prihodnosti.<\/p>\n<p>Pred nami je novo leto, polno novih ambicij in prilo\u017enosti. Verjamem, da bomo tudi v prihodnjih dvanajstih mesecih ostali zvesti svoji misiji: ustvarjati prostor, kjer se dobre ideje prepoznajo, podpirajo in spreminjajo v konkretne rezultate.<\/p>\n<p>Hvala, ker skupaj gradimo organizacijo, s katero se lahko ponosno predstavljamo ne le v Srbiji in Sloveniji, ampak \u0161ir\u0161e \u2014 kot primer uspe\u0161nega poslovnega sodelovanja in medsebojnega razumevanja.<\/p>\t\t\t\t\t\t\t\t<\/div>\n\t\t\t\t<\/div>\n\t\t\t\t\t<\/div>\n\t\t<\/div>\n\t\t\t\t<div class=\"elementor-column elementor-col-50 elementor-top-column elementor-element elementor-element-85b8f5c\" data-id=\"85b8f5c\" data-element_type=\"column\">\n\t\t\t<div class=\"elementor-widget-wrap elementor-element-populated\">\n\t\t\t\t\t\t<div class=\"elementor-element elementor-element-009d768 elementor-widget elementor-widget-image\" data-id=\"009d768\" data-element_type=\"widget\" data-widget_type=\"image.default\">\n\t\t\t\t<div class=\"elementor-widget-container\">\n\t\t\t\t\t\t\t\t\t\t\t\t\t\t\t<img fetchpriority=\"high\" decoding=\"async\" width=\"768\" height=\"1024\" src=\"https:\/\/bilten.spk.rs\/publikacija2025\/wp-content\/uploads\/2026\/01\/Slika_DF-1536x2048-1-768x1024.jpeg\" class=\"attachment-large size-large wp-image-892\" alt=\"\" srcset=\"https:\/\/bilten.spk.rs\/publikacija2025\/wp-content\/uploads\/2026\/01\/Slika_DF-1536x2048-1-768x1024.jpeg 768w, https:\/\/bilten.spk.rs\/publikacija2025\/wp-content\/uploads\/2026\/01\/Slika_DF-1536x2048-1-225x300.jpeg 225w, https:\/\/bilten.spk.rs\/publikacija2025\/wp-content\/uploads\/2026\/01\/Slika_DF-1536x2048-1-1152x1536.jpeg 1152w, https:\/\/bilten.spk.rs\/publikacija2025\/wp-content\/uploads\/2026\/01\/Slika_DF-1536x2048-1.jpeg 1536w\" sizes=\"(max-width: 768px) 100vw, 768px\" \/>\t\t\t\t\t\t\t\t\t\t\t\t\t\t\t<\/div>\n\t\t\t\t<\/div>\n\t\t\t\t<div class=\"elementor-element elementor-element-51e085a elementor-widget elementor-widget-heading\" data-id=\"51e085a\" data-element_type=\"widget\" data-widget_type=\"heading.default\">\n\t\t\t\t<div class=\"elementor-widget-container\">\n\t\t\t\t\t<h2 class=\"elementor-heading-title elementor-size-default\">Mag. Danijela Fi\u0161akov, predsednica SPK<\/h2>\t\t\t\t<\/div>\n\t\t\t\t<\/div>\n\t\t\t\t\t<\/div>\n\t\t<\/div>\n\t\t\t\t\t<\/div>\n\t\t<\/section>\n\t\t\t\t<section class=\"elementor-section elementor-top-section elementor-element elementor-element-13c8c69 elementor-section-boxed elementor-section-height-default elementor-section-height-default\" data-id=\"13c8c69\" data-element_type=\"section\">\n\t\t\t\t\t\t<div class=\"elementor-container elementor-column-gap-default\">\n\t\t\t\t\t<div class=\"elementor-column elementor-col-100 elementor-top-column elementor-element elementor-element-95ba251\" data-id=\"95ba251\" data-element_type=\"column\">\n\t\t\t<div class=\"elementor-widget-wrap elementor-element-populated\">\n\t\t\t\t\t\t<div class=\"elementor-element elementor-element-d93900b elementor-widget elementor-widget-text-editor\" data-id=\"d93900b\" data-element_type=\"widget\" data-widget_type=\"text-editor.default\">\n\t\t\t\t<div class=\"elementor-widget-container\">\n\t\t\t\t\t\t\t\t\t<p><span style=\"font-style: inherit; font-weight: inherit;\">Posebno se zahvaljujem dolgoletnim prijateljem SPK: NLB Komercialni banki, Triglav zavarovanju, Intereuropi, Aktiva varovanju, Impol Sevalu, Savi zavarovanju in Resalti, letos pa tudi podjetjema WMG Group in GH-Holding, ter vsem ostalim \u010dlanom SPK, ki so s svojimi idejami, konstruktivnimi predlogi in finan\u010dno podporo nesebi\u010dno prispevali k izvedbi na\u0161ih aktivnosti.<\/span><\/p><p>Zahvaljujem se tudi \u010dlanom Upravnega odbora \u2014 Draganu Markovi\u0107u, Ninku Te\u0161i\u0107u, Vlastimirju Vukovi\u0107u, Miodragu Stojkovi\u0107u, Zoranu Lazuki\u0107u in Zoranu Popovi\u0107u \u2014 ki so podpirali vsako na\u0161o pobudo in predstavljali zanesljivo oporo na\u0161emu delu.<\/p><p>Hvala tudi vsem drugim, tukaj neimenovanim podjetjem, ki so s svojim \u010dlanstvom tudi letos prispevala k ugledu SPK. Upam, da bo tak\u0161no sodelovanje trajalo tudi v prihodnje.<\/p><p>\u017delim vam, da v letu 2026 vstopite z optimizmom, pogumom in novo energijo. \u017delim vam dobro zdravje, navdih, modre odlo\u010ditve in \u2014 seveda \u2014 uspeh v vseh va\u0161ih podvigih.<\/p><p>S spo\u0161tovanjem,\u00a0<\/p>\t\t\t\t\t\t\t\t<\/div>\n\t\t\t\t<\/div>\n\t\t\t\t\t<\/div>\n\t\t<\/div>\n\t\t\t\t\t<\/div>\n\t\t<\/section>\n\t\t\t\t<\/div>\n\t\t","protected":false},"excerpt":{"rendered":"<p>Uvodna beseda Velika mi je \u010dast, da vas nagovorim v SPK publikaciji 2025, ob zaklju\u010dku \u0161e enega leta, ki je [&hellip;]<\/p>\n","protected":false},"author":1,"featured_media":0,"parent":0,"menu_order":0,"comment_status":"closed","ping_status":"open","template":"","meta":{"site-sidebar-layout":"no-sidebar","site-content-layout":"","ast-site-content-layout":"full-width-container","site-content-style":"default","site-sidebar-style":"default","ast-global-header-display":"","ast-banner-title-visibility":"","ast-main-header-display":"","ast-hfb-above-header-display":"","ast-hfb-below-header-display":"","ast-hfb-mobile-header-display":"","site-post-title":"disabled","ast-breadcrumbs-content":"","ast-featured-img":"disabled","footer-sml-layout":"","theme-transparent-header-meta":"default","adv-header-id-meta":"","stick-header-meta":"","header-above-stick-meta":"","header-main-stick-meta":"","header-below-stick-meta":"","astra-migrate-meta-layouts":"set","ast-page-background-enabled":"default","ast-page-background-meta":{"desktop":{"background-color":"var(--ast-global-color-4)","background-image":"","background-repeat":"repeat","background-position":"center center","background-size":"auto","background-attachment":"scroll","background-type":"","background-media":"","overlay-type":"","overlay-color":"","overlay-opacity":"","overlay-gradient":""},"tablet":{"background-color":"","background-image":"","background-repeat":"repeat","background-position":"center center","background-size":"auto","background-attachment":"scroll","background-type":"","background-media":"","overlay-type":"","overlay-color":"","overlay-opacity":"","overlay-gradient":""},"mobile":{"background-color":"","background-image":"","background-repeat":"repeat","background-position":"center center","background-size":"auto","background-attachment":"scroll","background-type":"","background-media":"","overlay-type":"","overlay-color":"","overlay-opacity":"","overlay-gradient":""}},"ast-content-background-meta":{"desktop":{"background-color":"var(--ast-global-color-5)","background-image":"","background-repeat":"repeat","background-position":"center center","background-size":"auto","background-attachment":"scroll","background-type":"","background-media":"","overlay-type":"","overlay-color":"","overlay-opacity":"","overlay-gradient":""},"tablet":{"background-color":"var(--ast-global-color-5)","background-image":"","background-repeat":"repeat","background-position":"center center","background-size":"auto","background-attachment":"scroll","background-type":"","background-media":"","overlay-type":"","overlay-color":"","overlay-opacity":"","overlay-gradient":""},"mobile":{"background-color":"var(--ast-global-color-5)","background-image":"","background-repeat":"repeat","background-position":"center center","background-size":"auto","background-attachment":"scroll","background-type":"","background-media":"","overlay-type":"","overlay-color":"","overlay-opacity":"","overlay-gradient":""}},"footnotes":""},"class_list":["post-643","page","type-page","status-publish","hentry"],"_links":{"self":[{"href":"https:\/\/bilten.spk.rs\/publikacija2025\/wp-json\/wp\/v2\/pages\/643","targetHints":{"allow":["GET"]}}],"collection":[{"href":"https:\/\/bilten.spk.rs\/publikacija2025\/wp-json\/wp\/v2\/pages"}],"about":[{"href":"https:\/\/bilten.spk.rs\/publikacija2025\/wp-json\/wp\/v2\/types\/page"}],"author":[{"embeddable":true,"href":"https:\/\/bilten.spk.rs\/publikacija2025\/wp-json\/wp\/v2\/users\/1"}],"replies":[{"embeddable":true,"href":"https:\/\/bilten.spk.rs\/publikacija2025\/wp-json\/wp\/v2\/comments?post=643"}],"version-history":[{"count":13,"href":"https:\/\/bilten.spk.rs\/publikacija2025\/wp-json\/wp\/v2\/pages\/643\/revisions"}],"predecessor-version":[{"id":1438,"href":"https:\/\/bilten.spk.rs\/publikacija2025\/wp-json\/wp\/v2\/pages\/643\/revisions\/1438"}],"wp:attachment":[{"href":"https:\/\/bilten.spk.rs\/publikacija2025\/wp-json\/wp\/v2\/media?parent=643"}],"curies":[{"name":"wp","href":"https:\/\/api.w.org\/{rel}","templated":true}]}}