{"id":293,"date":"2026-05-04T18:48:04","date_gmt":"2026-05-04T16:48:04","guid":{"rendered":"https:\/\/bilten.spk.rs\/spkbilten012026\/?page_id=293"},"modified":"2026-05-06T21:40:06","modified_gmt":"2026-05-06T19:40:06","slug":"uvodna-rec","status":"publish","type":"page","link":"https:\/\/bilten.spk.rs\/spkbilten012026\/uvodna-rec\/","title":{"rendered":"Uvodna re\u010d"},"content":{"rendered":"\t\t<div data-elementor-type=\"wp-page\" data-elementor-id=\"293\" class=\"elementor elementor-293\" data-elementor-post-type=\"page\">\n\t\t\t\t\t\t<section class=\"elementor-section elementor-top-section elementor-element elementor-element-cc6c055 elementor-section-boxed elementor-section-height-default elementor-section-height-default\" data-id=\"cc6c055\" data-element_type=\"section\" data-e-type=\"section\" data-settings=\"{&quot;background_background&quot;:&quot;classic&quot;}\">\n\t\t\t\t\t\t<div class=\"elementor-container elementor-column-gap-default\">\n\t\t\t\t\t<div class=\"elementor-column elementor-col-100 elementor-top-column elementor-element elementor-element-e4fb1ce\" data-id=\"e4fb1ce\" data-element_type=\"column\" data-e-type=\"column\">\n\t\t\t<div class=\"elementor-widget-wrap elementor-element-populated\">\n\t\t\t\t\t\t<div class=\"elementor-element elementor-element-c7881f5 elementor-widget elementor-widget-heading\" data-id=\"c7881f5\" data-element_type=\"widget\" data-e-type=\"widget\" data-widget_type=\"heading.default\">\n\t\t\t\t\t<h2 class=\"elementor-heading-title elementor-size-default\">Uvodna re\u010d<\/h2>\t\t\t\t<\/div>\n\t\t\t\t\t<\/div>\n\t\t<\/div>\n\t\t\t\t\t<\/div>\n\t\t<\/section>\n\t\t\t\t<section class=\"elementor-section elementor-top-section elementor-element elementor-element-bd70df0 elementor-section-boxed elementor-section-height-default elementor-section-height-default\" data-id=\"bd70df0\" data-element_type=\"section\" data-e-type=\"section\">\n\t\t\t\t\t\t<div class=\"elementor-container elementor-column-gap-default\">\n\t\t\t\t\t<div class=\"elementor-column elementor-col-50 elementor-top-column elementor-element elementor-element-9dd0677\" data-id=\"9dd0677\" data-element_type=\"column\" data-e-type=\"column\">\n\t\t\t<div class=\"elementor-widget-wrap elementor-element-populated\">\n\t\t\t\t\t\t<div class=\"elementor-element elementor-element-709fbb6 elementor-widget elementor-widget-image\" data-id=\"709fbb6\" data-element_type=\"widget\" data-e-type=\"widget\" data-widget_type=\"image.default\">\n\t\t\t\t\t\t\t\t\t\t\t\t\t\t\t<img fetchpriority=\"high\" decoding=\"async\" width=\"1024\" height=\"1024\" src=\"https:\/\/bilten.spk.rs\/spkbilten012026\/wp-content\/uploads\/2026\/05\/Danijela-Fisakov-1-1024x1024.webp\" class=\"attachment-large size-large wp-image-849\" alt=\"\" srcset=\"https:\/\/bilten.spk.rs\/spkbilten012026\/wp-content\/uploads\/2026\/05\/Danijela-Fisakov-1-1024x1024.webp 1024w, https:\/\/bilten.spk.rs\/spkbilten012026\/wp-content\/uploads\/2026\/05\/Danijela-Fisakov-1-300x300.webp 300w, https:\/\/bilten.spk.rs\/spkbilten012026\/wp-content\/uploads\/2026\/05\/Danijela-Fisakov-1-150x150.webp 150w, https:\/\/bilten.spk.rs\/spkbilten012026\/wp-content\/uploads\/2026\/05\/Danijela-Fisakov-1-768x768.webp 768w, https:\/\/bilten.spk.rs\/spkbilten012026\/wp-content\/uploads\/2026\/05\/Danijela-Fisakov-1-1536x1536.webp 1536w, https:\/\/bilten.spk.rs\/spkbilten012026\/wp-content\/uploads\/2026\/05\/Danijela-Fisakov-1-scaled.webp 1920w\" sizes=\"(max-width: 1024px) 100vw, 1024px\" \/>\t\t\t\t\t\t\t\t\t\t\t\t\t\t\t<\/div>\n\t\t\t\t<div class=\"elementor-element elementor-element-ea354da elementor-widget elementor-widget-heading\" data-id=\"ea354da\" data-element_type=\"widget\" data-e-type=\"widget\" data-widget_type=\"heading.default\">\n\t\t\t\t\t<h2 class=\"elementor-heading-title elementor-size-default\">Mag. Danijela Fi\u0161akov, predsednica SPK<\/h2>\t\t\t\t<\/div>\n\t\t\t\t\t<\/div>\n\t\t<\/div>\n\t\t\t\t<div class=\"elementor-column elementor-col-50 elementor-top-column elementor-element elementor-element-97a55bb\" data-id=\"97a55bb\" data-element_type=\"column\" data-e-type=\"column\">\n\t\t\t<div class=\"elementor-widget-wrap elementor-element-populated\">\n\t\t\t\t\t\t<div class=\"elementor-element elementor-element-769bfbe elementor-widget elementor-widget-text-editor\" data-id=\"769bfbe\" data-element_type=\"widget\" data-e-type=\"widget\" data-widget_type=\"text-editor.default\">\n\t\t\t\t\t\t\t\t\t<p>Dragi \u010dlanovi,<\/p><p>Period od januara do aprila obele\u017eila je intenzivna dinamika, kvalitetni sadr\u017eaji i sna\u017ean fokus na teme koje su danas klju\u010dne za poslovanje. Kroz brojne aktivnosti Slovena\u010dkog poslovnog kluba nastavili smo da povezujemo kompanije, otvaramo relevantne diskusije i stvaramo prostor za konkretne poslovne prilike.<\/p><p>Najzna\u010dajniji doga\u0111aj bila je sednica Skup\u0161tine Kluba, na kojoj su usvojeni godi\u0161nji izve\u0161taj o radu i finansijski izve\u0161taj za 2025. godinu. U okviru izbornog dela je poverenje \u010dlanova za obavljanje funkcije rukovo\u0111enja Klubom i u narednom \u010detvorogodi\u0161njem mandatu dobila nova\/stara postava. Za \u010dlanove Upravnog odbora izabrani su: dr Dragan Markovi\u0107, Miodrag Stojkovi\u0107, Ninko Te\u0161i\u0107, mr Vlastimir Vukovi\u0107, mag. Zoran Lazuki\u0107 i Zoran Radojevi\u0107, a za predsednicu SPK je izabrana mag. Danijela Fi\u0161akov.<\/p><p>Februar je bio posve\u0107en temi upravljanja rizicima, kroz panel diskusiju o regionalnoj praksi osiguranja, gde smo zajedno sa stru\u010dnjacima iz Srbije, Slovenije i Hrvatske otvorili va\u017ena pitanja za\u0161tite poslovanja i odgovornosti menad\u017ementa. U martu smo se fokusirali na budu\u0107nost poslovanja kroz prakti\u010dnu primenu ve\u0161ta\u010dke inteligencije, ali i na unutra\u0161nji razvoj Kluba, potvr\u0111uju\u0107i kontinuitet u radu i defini\u0161u\u0107i dalje pravce razvoja. April je bio u znaku jedne od najaktuelnijih tema \u2013 tr\u017ei\u0161ta rada, uz otvorenu diskusiju o izazovima zapo\u0161ljavanja, dostupnosti kadrova i ulozi institucija.<\/p><p>Ovaj bilten dodatno oboga\u0107uju razgovori sa istaknutim predstavnicima kompanija i stru\u010dnjacima iz razli\u010ditih oblasti \u2013 od finansija i upravljanja rizicima, preko digitalizacije i IT re\u0161enja, do pravnih i investicionih tema. Njihovi uvidi potvr\u0111uju da se poslovno okru\u017eenje ubrzano menja, ali i da upravo u tim promenama le\u017ee nove prilike za rast i razvoj.<\/p><p>Posebno nas raduje \u0161to Klub nastavlja da raste, kako kroz ja\u010danje saradnje sa partnerima, tako i kroz dolazak novih \u010dlanova koji dodatno oboga\u0107uju na\u0161u poslovnu zajednicu.<\/p><p>Hvala vam na poverenju i aktivnom u\u010de\u0161\u0107u u radu Kluba. Verujem da \u0107e vam sadr\u017eaj ovog biltena biti koristan, informativan i inspirativan za period koji je pred nama.<\/p>\t\t\t\t\t\t\t\t<\/div>\n\t\t\t\t\t<\/div>\n\t\t<\/div>\n\t\t\t\t\t<\/div>\n\t\t<\/section>\n\t\t\t\t<\/div>\n\t\t","protected":false},"excerpt":{"rendered":"<p>Uvodna re\u010d Mag. Danijela Fi\u0161akov, predsednica SPK Dragi \u010dlanovi, Period od januara do aprila obele\u017eila je intenzivna dinamika, kvalitetni sadr\u017eaji [&hellip;]<\/p>\n","protected":false},"author":1,"featured_media":0,"parent":0,"menu_order":0,"comment_status":"closed","ping_status":"closed","template":"","meta":{"_angie_page":false,"site-sidebar-layout":"no-sidebar","site-content-layout":"","ast-site-content-layout":"full-width-container","site-content-style":"default","site-sidebar-style":"default","ast-global-header-display":"","ast-banner-title-visibility":"","ast-main-header-display":"","ast-hfb-above-header-display":"","ast-hfb-below-header-display":"","ast-hfb-mobile-header-display":"","site-post-title":"disabled","ast-breadcrumbs-content":"","ast-featured-img":"disabled","footer-sml-layout":"","ast-disable-related-posts":"","theme-transparent-header-meta":"default","adv-header-id-meta":"","stick-header-meta":"","header-above-stick-meta":"","header-main-stick-meta":"","header-below-stick-meta":"","astra-migrate-meta-layouts":"set","ast-page-background-enabled":"default","ast-page-background-meta":{"desktop":{"background-color":"var(--ast-global-color-5)","background-image":"","background-repeat":"repeat","background-position":"center center","background-size":"auto","background-attachment":"scroll","background-type":"","background-media":"","overlay-type":"","overlay-color":"","overlay-opacity":"","overlay-gradient":""},"tablet":{"background-color":"","background-image":"","background-repeat":"repeat","background-position":"center center","background-size":"auto","background-attachment":"scroll","background-type":"","background-media":"","overlay-type":"","overlay-color":"","overlay-opacity":"","overlay-gradient":""},"mobile":{"background-color":"","background-image":"","background-repeat":"repeat","background-position":"center center","background-size":"auto","background-attachment":"scroll","background-type":"","background-media":"","overlay-type":"","overlay-color":"","overlay-opacity":"","overlay-gradient":""}},"ast-content-background-meta":{"desktop":{"background-color":"var(--ast-global-color-4)","background-image":"","background-repeat":"repeat","background-position":"center center","background-size":"auto","background-attachment":"scroll","background-type":"","background-media":"","overlay-type":"","overlay-color":"","overlay-opacity":"","overlay-gradient":""},"tablet":{"background-color":"var(--ast-global-color-4)","background-image":"","background-repeat":"repeat","background-position":"center center","background-size":"auto","background-attachment":"scroll","background-type":"","background-media":"","overlay-type":"","overlay-color":"","overlay-opacity":"","overlay-gradient":""},"mobile":{"background-color":"var(--ast-global-color-4)","background-image":"","background-repeat":"repeat","background-position":"center center","background-size":"auto","background-attachment":"scroll","background-type":"","background-media":"","overlay-type":"","overlay-color":"","overlay-opacity":"","overlay-gradient":""}},"footnotes":""},"class_list":["post-293","page","type-page","status-publish","hentry"],"_links":{"self":[{"href":"https:\/\/bilten.spk.rs\/spkbilten012026\/wp-json\/wp\/v2\/pages\/293","targetHints":{"allow":["GET"]}}],"collection":[{"href":"https:\/\/bilten.spk.rs\/spkbilten012026\/wp-json\/wp\/v2\/pages"}],"about":[{"href":"https:\/\/bilten.spk.rs\/spkbilten012026\/wp-json\/wp\/v2\/types\/page"}],"author":[{"embeddable":true,"href":"https:\/\/bilten.spk.rs\/spkbilten012026\/wp-json\/wp\/v2\/users\/1"}],"replies":[{"embeddable":true,"href":"https:\/\/bilten.spk.rs\/spkbilten012026\/wp-json\/wp\/v2\/comments?post=293"}],"version-history":[{"count":22,"href":"https:\/\/bilten.spk.rs\/spkbilten012026\/wp-json\/wp\/v2\/pages\/293\/revisions"}],"predecessor-version":[{"id":855,"href":"https:\/\/bilten.spk.rs\/spkbilten012026\/wp-json\/wp\/v2\/pages\/293\/revisions\/855"}],"wp:attachment":[{"href":"https:\/\/bilten.spk.rs\/spkbilten012026\/wp-json\/wp\/v2\/media?parent=293"}],"curies":[{"name":"wp","href":"https:\/\/api.w.org\/{rel}","templated":true}]}}