{"id":739,"date":"2026-05-06T20:49:20","date_gmt":"2026-05-06T18:49:20","guid":{"rendered":"https:\/\/bilten.spk.rs\/spkbilten012026\/?page_id=739"},"modified":"2026-05-06T21:39:58","modified_gmt":"2026-05-06T19:39:58","slug":"uvodna-beseda","status":"publish","type":"page","link":"https:\/\/bilten.spk.rs\/spkbilten012026\/sl\/uvodna-beseda\/","title":{"rendered":"Uvodna beseda"},"content":{"rendered":"\t\t<div data-elementor-type=\"wp-page\" data-elementor-id=\"739\" class=\"elementor elementor-739\" data-elementor-post-type=\"page\">\n\t\t\t\t\t\t<section class=\"elementor-section elementor-top-section elementor-element elementor-element-cc6c055 elementor-section-boxed elementor-section-height-default elementor-section-height-default\" data-id=\"cc6c055\" data-element_type=\"section\" data-e-type=\"section\" data-settings=\"{&quot;background_background&quot;:&quot;classic&quot;}\">\n\t\t\t\t\t\t<div class=\"elementor-container elementor-column-gap-default\">\n\t\t\t\t\t<div class=\"elementor-column elementor-col-100 elementor-top-column elementor-element elementor-element-e4fb1ce\" data-id=\"e4fb1ce\" data-element_type=\"column\" data-e-type=\"column\">\n\t\t\t<div class=\"elementor-widget-wrap elementor-element-populated\">\n\t\t\t\t\t\t<div class=\"elementor-element elementor-element-c7881f5 elementor-widget elementor-widget-heading\" data-id=\"c7881f5\" data-element_type=\"widget\" data-e-type=\"widget\" data-widget_type=\"heading.default\">\n\t\t\t\t\t<h2 class=\"elementor-heading-title elementor-size-default\">Uvodna beseda<\/h2>\t\t\t\t<\/div>\n\t\t\t\t\t<\/div>\n\t\t<\/div>\n\t\t\t\t\t<\/div>\n\t\t<\/section>\n\t\t\t\t<section class=\"elementor-section elementor-top-section elementor-element elementor-element-bd70df0 elementor-section-boxed elementor-section-height-default elementor-section-height-default\" data-id=\"bd70df0\" data-element_type=\"section\" data-e-type=\"section\">\n\t\t\t\t\t\t<div class=\"elementor-container elementor-column-gap-default\">\n\t\t\t\t\t<div class=\"elementor-column elementor-col-50 elementor-top-column elementor-element elementor-element-9dd0677\" data-id=\"9dd0677\" data-element_type=\"column\" data-e-type=\"column\">\n\t\t\t<div class=\"elementor-widget-wrap elementor-element-populated\">\n\t\t\t\t\t\t<div class=\"elementor-element elementor-element-709fbb6 elementor-widget elementor-widget-image\" data-id=\"709fbb6\" data-element_type=\"widget\" data-e-type=\"widget\" data-widget_type=\"image.default\">\n\t\t\t\t\t\t\t\t\t\t\t\t\t\t\t<img fetchpriority=\"high\" decoding=\"async\" width=\"1024\" height=\"1024\" src=\"https:\/\/bilten.spk.rs\/spkbilten012026\/wp-content\/uploads\/2026\/05\/Danijela-Fisakov-1-1024x1024.webp\" class=\"attachment-large size-large wp-image-849\" alt=\"\" srcset=\"https:\/\/bilten.spk.rs\/spkbilten012026\/wp-content\/uploads\/2026\/05\/Danijela-Fisakov-1-1024x1024.webp 1024w, https:\/\/bilten.spk.rs\/spkbilten012026\/wp-content\/uploads\/2026\/05\/Danijela-Fisakov-1-300x300.webp 300w, https:\/\/bilten.spk.rs\/spkbilten012026\/wp-content\/uploads\/2026\/05\/Danijela-Fisakov-1-150x150.webp 150w, https:\/\/bilten.spk.rs\/spkbilten012026\/wp-content\/uploads\/2026\/05\/Danijela-Fisakov-1-768x768.webp 768w, https:\/\/bilten.spk.rs\/spkbilten012026\/wp-content\/uploads\/2026\/05\/Danijela-Fisakov-1-1536x1536.webp 1536w, https:\/\/bilten.spk.rs\/spkbilten012026\/wp-content\/uploads\/2026\/05\/Danijela-Fisakov-1-scaled.webp 1920w\" sizes=\"(max-width: 1024px) 100vw, 1024px\" \/>\t\t\t\t\t\t\t\t\t\t\t\t\t\t\t<\/div>\n\t\t\t\t<div class=\"elementor-element elementor-element-ea354da elementor-widget elementor-widget-heading\" data-id=\"ea354da\" data-element_type=\"widget\" data-e-type=\"widget\" data-widget_type=\"heading.default\">\n\t\t\t\t\t<h2 class=\"elementor-heading-title elementor-size-default\">Mag. Danijela Fi\u0161akov, predsednica SPK<\/h2>\t\t\t\t<\/div>\n\t\t\t\t\t<\/div>\n\t\t<\/div>\n\t\t\t\t<div class=\"elementor-column elementor-col-50 elementor-top-column elementor-element elementor-element-97a55bb\" data-id=\"97a55bb\" data-element_type=\"column\" data-e-type=\"column\">\n\t\t\t<div class=\"elementor-widget-wrap elementor-element-populated\">\n\t\t\t\t\t\t<div class=\"elementor-element elementor-element-769bfbe elementor-widget elementor-widget-text-editor\" data-id=\"769bfbe\" data-element_type=\"widget\" data-e-type=\"widget\" data-widget_type=\"text-editor.default\">\n\t\t\t\t\t\t\t\t\t<p>Dragi \u010dlani,<\/p><p>Obdobje od januarja do aprila je zaznamovala intenzivna dinamika, kakovostne vsebine in mo\u010dan poudarek na temah, ki so danes klju\u010dne za poslovanje. S \u0161tevilnimi aktivnostmi Slovenskega poslovnega kluba smo nadaljevali povezovanje podjetij, odpiranje relevantnih razprav in ustvarjanje prostora za konkretne poslovne prilo\u017enosti.<\/p><p>Najpomembnej\u0161i dogodek je bila seja Skup\u0161\u010dine Kluba, na kateri sta bila sprejeta letno poro\u010dilo o delu ter finan\u010dno poro\u010dilo za leto 2025. V okviru volilnega dela je zaupanje \u010dlanov za vodenje Kluba tudi v naslednjem \u0161tiriletnem mandatu prejela nova\/stara sestava. Za \u010dlane Upravnega odbora so bili izvoljeni: dr. Dragan Markovi\u0107, Miodrag Stojkovi\u0107, Ninko Te\u0161i\u0107, mr. Vlastimir Vukovi\u0107, mag. Zoran Lazuki\u0107 in Zoran Radojevi\u0107, za predsednico SPK pa je bila izvoljena mag. Danijela Fi\u0161akov.<\/p><p>Februar je bil posve\u010den temi upravljanja tveganj, s panelno razpravo o regionalni praksi zavarovanja, kjer smo skupaj s strokovnjaki iz Srbije, Slovenije in Hrva\u0161ke odprli pomembna vpra\u0161anja za\u0161\u010dite poslovanja in odgovornosti mened\u017ementa. Marca smo se osredoto\u010dili na prihodnost poslovanja skozi prakti\u010dno uporabo umetne inteligence, pa tudi na notranji razvoj Kluba \u2013 s potrditvijo kontinuitete dela in opredelitvijo nadaljnjih razvojnih usmeritev. April je minil v znamenju ene najbolj aktualnih tem \u2013 trga dela, z odprto razpravo o izzivih zaposlovanja, razpolo\u017eljivosti kadrov in vlogi institucij.<\/p><p>Ta bilten dodatno bogatijo pogovori z uglednimi predstavniki podjetij in strokovnjaki z razli\u010dnih podro\u010dij \u2013 od financ in upravljanja tveganj, preko digitalizacije in IT-re\u0161itev, do pravnih in investicijskih tem. Njihovi vpogledi potrjujejo, da se poslovno okolje hitro spreminja, a prav v teh spremembah ti\u010dijo nove prilo\u017enosti za rast in razvoj.<\/p><p>Posebej nas veseli, da Klub \u0161e naprej raste \u2013 tako z utrjevanjem sodelovanja s partnerji kot tudi z vklju\u010devanjem novih \u010dlanov, ki dodatno bogatijo na\u0161o poslovno skupnost.<\/p><p>Hvala za va\u0161e zaupanje in aktivno sodelovanje pri delu Kluba. Verjamem, da vam bo vsebina tega biltena koristna, informativna in navdihujo\u010da za obdobje, ki je pred nami.<\/p>\t\t\t\t\t\t\t\t<\/div>\n\t\t\t\t\t<\/div>\n\t\t<\/div>\n\t\t\t\t\t<\/div>\n\t\t<\/section>\n\t\t\t\t<\/div>\n\t\t","protected":false},"excerpt":{"rendered":"<p>Mag. Danijela Fi\u0161akov, predsednica SPK Dragi \u010dlani, Obdobje od januarja do aprila je zaznamovala intenzivna dinamika, kakovostne vsebine in mo\u010dan [&hellip;]<\/p>\n","protected":false},"author":1,"featured_media":0,"parent":0,"menu_order":0,"comment_status":"closed","ping_status":"closed","template":"","meta":{"_angie_page":false,"site-sidebar-layout":"no-sidebar","site-content-layout":"","ast-site-content-layout":"full-width-container","site-content-style":"default","site-sidebar-style":"default","ast-global-header-display":"","ast-banner-title-visibility":"","ast-main-header-display":"","ast-hfb-above-header-display":"","ast-hfb-below-header-display":"","ast-hfb-mobile-header-display":"","site-post-title":"disabled","ast-breadcrumbs-content":"","ast-featured-img":"disabled","footer-sml-layout":"","ast-disable-related-posts":"","theme-transparent-header-meta":"default","adv-header-id-meta":"","stick-header-meta":"","header-above-stick-meta":"","header-main-stick-meta":"","header-below-stick-meta":"","astra-migrate-meta-layouts":"set","ast-page-background-enabled":"default","ast-page-background-meta":{"desktop":{"background-color":"var(--ast-global-color-5)","background-image":"","background-repeat":"repeat","background-position":"center center","background-size":"auto","background-attachment":"scroll","background-type":"","background-media":"","overlay-type":"","overlay-color":"","overlay-opacity":"","overlay-gradient":""},"tablet":{"background-color":"","background-image":"","background-repeat":"repeat","background-position":"center center","background-size":"auto","background-attachment":"scroll","background-type":"","background-media":"","overlay-type":"","overlay-color":"","overlay-opacity":"","overlay-gradient":""},"mobile":{"background-color":"","background-image":"","background-repeat":"repeat","background-position":"center center","background-size":"auto","background-attachment":"scroll","background-type":"","background-media":"","overlay-type":"","overlay-color":"","overlay-opacity":"","overlay-gradient":""}},"ast-content-background-meta":{"desktop":{"background-color":"var(--ast-global-color-4)","background-image":"","background-repeat":"repeat","background-position":"center center","background-size":"auto","background-attachment":"scroll","background-type":"","background-media":"","overlay-type":"","overlay-color":"","overlay-opacity":"","overlay-gradient":""},"tablet":{"background-color":"var(--ast-global-color-4)","background-image":"","background-repeat":"repeat","background-position":"center center","background-size":"auto","background-attachment":"scroll","background-type":"","background-media":"","overlay-type":"","overlay-color":"","overlay-opacity":"","overlay-gradient":""},"mobile":{"background-color":"var(--ast-global-color-4)","background-image":"","background-repeat":"repeat","background-position":"center center","background-size":"auto","background-attachment":"scroll","background-type":"","background-media":"","overlay-type":"","overlay-color":"","overlay-opacity":"","overlay-gradient":""}},"footnotes":""},"class_list":["post-739","page","type-page","status-publish","hentry"],"_links":{"self":[{"href":"https:\/\/bilten.spk.rs\/spkbilten012026\/wp-json\/wp\/v2\/pages\/739","targetHints":{"allow":["GET"]}}],"collection":[{"href":"https:\/\/bilten.spk.rs\/spkbilten012026\/wp-json\/wp\/v2\/pages"}],"about":[{"href":"https:\/\/bilten.spk.rs\/spkbilten012026\/wp-json\/wp\/v2\/types\/page"}],"author":[{"embeddable":true,"href":"https:\/\/bilten.spk.rs\/spkbilten012026\/wp-json\/wp\/v2\/users\/1"}],"replies":[{"embeddable":true,"href":"https:\/\/bilten.spk.rs\/spkbilten012026\/wp-json\/wp\/v2\/comments?post=739"}],"version-history":[{"count":7,"href":"https:\/\/bilten.spk.rs\/spkbilten012026\/wp-json\/wp\/v2\/pages\/739\/revisions"}],"predecessor-version":[{"id":852,"href":"https:\/\/bilten.spk.rs\/spkbilten012026\/wp-json\/wp\/v2\/pages\/739\/revisions\/852"}],"wp:attachment":[{"href":"https:\/\/bilten.spk.rs\/spkbilten012026\/wp-json\/wp\/v2\/media?parent=739"}],"curies":[{"name":"wp","href":"https:\/\/api.w.org\/{rel}","templated":true}]}}