{"id":760,"date":"2026-05-06T20:56:59","date_gmt":"2026-05-06T18:56:59","guid":{"rendered":"https:\/\/bilten.spk.rs\/spkbilten012026\/?page_id=760"},"modified":"2026-05-07T10:18:09","modified_gmt":"2026-05-07T08:18:09","slug":"spk-skupscina","status":"publish","type":"page","link":"https:\/\/bilten.spk.rs\/spkbilten012026\/sl\/aktivnosti-2\/spk-skupscina\/","title":{"rendered":"SPK SKUP\u0160\u010cINA"},"content":{"rendered":"\t\t<div data-elementor-type=\"wp-page\" data-elementor-id=\"760\" class=\"elementor elementor-760\" data-elementor-post-type=\"page\">\n\t\t\t\t\t\t<section class=\"elementor-section elementor-top-section elementor-element elementor-element-21dfa1a elementor-section-boxed elementor-section-height-default elementor-section-height-default\" data-id=\"21dfa1a\" data-element_type=\"section\" data-e-type=\"section\" data-settings=\"{&quot;background_background&quot;:&quot;classic&quot;}\">\n\t\t\t\t\t\t<div class=\"elementor-container elementor-column-gap-default\">\n\t\t\t\t\t<div class=\"elementor-column elementor-col-100 elementor-top-column elementor-element elementor-element-e564cbc\" data-id=\"e564cbc\" data-element_type=\"column\" data-e-type=\"column\">\n\t\t\t<div class=\"elementor-widget-wrap elementor-element-populated\">\n\t\t\t\t\t\t<div class=\"elementor-element elementor-element-29b67d4 elementor-widget elementor-widget-heading\" data-id=\"29b67d4\" data-element_type=\"widget\" data-e-type=\"widget\" data-widget_type=\"heading.default\">\n\t\t\t\t\t<h2 class=\"elementor-heading-title elementor-size-default\">SPK SKUP\u0160\u010cINA<\/h2>\t\t\t\t<\/div>\n\t\t\t\t\t<\/div>\n\t\t<\/div>\n\t\t\t\t\t<\/div>\n\t\t<\/section>\n\t\t\t\t<section class=\"elementor-section elementor-top-section elementor-element elementor-element-32cd401 elementor-section-boxed elementor-section-height-default elementor-section-height-default\" data-id=\"32cd401\" data-element_type=\"section\" data-e-type=\"section\">\n\t\t\t\t\t\t<div class=\"elementor-container elementor-column-gap-default\">\n\t\t\t\t\t<div class=\"elementor-column elementor-col-100 elementor-top-column elementor-element elementor-element-8eead16\" data-id=\"8eead16\" data-element_type=\"column\" data-e-type=\"column\">\n\t\t\t<div class=\"elementor-widget-wrap elementor-element-populated\">\n\t\t\t\t\t\t<div class=\"elementor-element elementor-element-f2f72c4 elementor-widget elementor-widget-image\" data-id=\"f2f72c4\" data-element_type=\"widget\" data-e-type=\"widget\" data-widget_type=\"image.default\">\n\t\t\t\t\t\t\t\t\t\t\t\t\t\t\t<img fetchpriority=\"high\" decoding=\"async\" width=\"1024\" height=\"681\" src=\"https:\/\/bilten.spk.rs\/spkbilten012026\/wp-content\/uploads\/2026\/05\/red-skupst-spk-3-glavna.webp\" class=\"attachment-full size-full wp-image-126\" alt=\"\" srcset=\"https:\/\/bilten.spk.rs\/spkbilten012026\/wp-content\/uploads\/2026\/05\/red-skupst-spk-3-glavna.webp 1024w, https:\/\/bilten.spk.rs\/spkbilten012026\/wp-content\/uploads\/2026\/05\/red-skupst-spk-3-glavna-300x200.webp 300w, https:\/\/bilten.spk.rs\/spkbilten012026\/wp-content\/uploads\/2026\/05\/red-skupst-spk-3-glavna-768x511.webp 768w\" sizes=\"(max-width: 1024px) 100vw, 1024px\" \/>\t\t\t\t\t\t\t\t\t\t\t\t\t\t\t<\/div>\n\t\t\t\t<div class=\"elementor-element elementor-element-2527d02 elementor-widget elementor-widget-text-editor\" data-id=\"2527d02\" data-element_type=\"widget\" data-e-type=\"widget\" data-widget_type=\"text-editor.default\">\n\t\t\t\t\t\t\t\t\t<p>Dne 31. marca je v IN hotelu potekala redna, hkrati tudi volilna seja Skup\u0161\u010dine Slovenskega poslovnega kluba.<\/p><p>Na za\u010detku je zbrane nagovoril veleposlanik Republike Slovenije v Srbiji, Nj. E. dr. Slobodan \u0160e\u0161um, ki je pozdravil udele\u017eence ter poudaril pomen nadaljnjega krepitve sodelovanja med veleposlani\u0161tvom in Slovenskim poslovnim klubom.<\/p><p>Za predsednika Skup\u0161\u010dine je bil izvoljen dr. Janez Von\u010dina, partner in odvetnik v odvetni\u0161ki pisarni JPM &amp; Partners.<\/p><p>Predsednica SPK, mag. Danijela Fi\u0161akov, je predstavila letno poro\u010dilo o delu in finan\u010dno poro\u010dilo za leto 2025, ki sta bila sprejeta z ve\u010dino glasov.<\/p><p>V okviru volilnega dela je bila mag. Danijela Fi\u0161akov ponovno izvoljena za predsednico Slovenskega poslovnega kluba za \u0161tiriletni mandat. Za \u010dlane Upravnega odbora so bili izvoljeni: dr. Dragan Markovi\u0107, Miodrag Stojkovi\u0107, Ninko Te\u0161i\u0107, mag. Vlastimir Vukovi\u0107, mag. Zoran Lazuki\u0107 in Zoran Radojevi\u0107.<\/p><p>V svojem nagovoru je predsednica SPK poudarila, da je bilo preteklo mandatno obdobje dinami\u010dno in zahtevno, vendar so bili zahvaljujo\u010d skupnemu delu \u010dlanov Kluba ohranjeni stabilnost, kontinuiteta in rast, tako v \u0161tevilu \u010dlanov kot v kakovosti sodelovanja in prepoznavnosti Kluba.<\/p><p>Izpostavila je, da bo v prihodnjem obdobju poudarek na krepitvi poslovnih iniciativ med \u010dlani, nadgradnji aktivnosti z neposrednimi poslovnimi u\u010dinki ter nadaljnjem razvoju mednarodnega sodelovanja in pozicioniranju Kluba v regionalnem in evropskem poslovnem okolju.<\/p>\t\t\t\t\t\t\t\t<\/div>\n\t\t\t\t<div class=\"elementor-element elementor-element-8032d0c elementor-widget elementor-widget-gallery\" data-id=\"8032d0c\" data-element_type=\"widget\" data-e-type=\"widget\" data-settings=\"{&quot;aspect_ratio&quot;:&quot;4:3&quot;,&quot;lazyload&quot;:&quot;yes&quot;,&quot;gallery_layout&quot;:&quot;grid&quot;,&quot;columns&quot;:4,&quot;columns_tablet&quot;:2,&quot;columns_mobile&quot;:1,&quot;gap&quot;:{&quot;unit&quot;:&quot;px&quot;,&quot;size&quot;:10,&quot;sizes&quot;:[]},&quot;gap_tablet&quot;:{&quot;unit&quot;:&quot;px&quot;,&quot;size&quot;:10,&quot;sizes&quot;:[]},&quot;gap_mobile&quot;:{&quot;unit&quot;:&quot;px&quot;,&quot;size&quot;:10,&quot;sizes&quot;:[]},&quot;link_to&quot;:&quot;file&quot;,&quot;overlay_background&quot;:&quot;yes&quot;,&quot;content_hover_animation&quot;:&quot;fade-in&quot;}\" data-widget_type=\"gallery.default\">\n\t\t\t\t\t\t\t<div class=\"elementor-gallery__container\">\n\t\t\t\t\t\t\t<a class=\"e-gallery-item elementor-gallery-item elementor-animated-content\" href=\"https:\/\/bilten.spk.rs\/spkbilten012026\/wp-content\/uploads\/2026\/05\/1-1-scaled.jpg\" data-elementor-open-lightbox=\"yes\" data-elementor-lightbox-slideshow=\"8032d0c\" data-elementor-lightbox-title=\"1\" data-e-action-hash=\"#elementor-action%3Aaction%3Dlightbox%26settings%3DeyJpZCI6OTEyLCJ1cmwiOiJodHRwczpcL1wvYmlsdGVuLnNway5yc1wvc3BrYmlsdGVuMDEyMDI2XC93cC1jb250ZW50XC91cGxvYWRzXC8yMDI2XC8wNVwvMS0xLXNjYWxlZC5qcGciLCJzbGlkZXNob3ciOiI4MDMyZDBjIn0%3D\">\n\t\t\t\t\t<div class=\"e-gallery-image elementor-gallery-item__image\" data-thumbnail=\"https:\/\/bilten.spk.rs\/spkbilten012026\/wp-content\/uploads\/2026\/05\/1-1-768x511.jpg\" data-width=\"768\" data-height=\"511\" aria-label=\"\" role=\"img\" ><\/div>\n\t\t\t\t\t\t\t\t\t\t\t<div class=\"elementor-gallery-item__overlay\"><\/div>\n\t\t\t\t\t\t\t\t\t\t\t\t\t\t<\/a>\n\t\t\t\t\t\t\t<a class=\"e-gallery-item elementor-gallery-item elementor-animated-content\" href=\"https:\/\/bilten.spk.rs\/spkbilten012026\/wp-content\/uploads\/2026\/05\/2-1-scaled.webp\" data-elementor-open-lightbox=\"yes\" data-elementor-lightbox-slideshow=\"8032d0c\" data-elementor-lightbox-title=\"2\" data-e-action-hash=\"#elementor-action%3Aaction%3Dlightbox%26settings%3DeyJpZCI6OTEzLCJ1cmwiOiJodHRwczpcL1wvYmlsdGVuLnNway5yc1wvc3BrYmlsdGVuMDEyMDI2XC93cC1jb250ZW50XC91cGxvYWRzXC8yMDI2XC8wNVwvMi0xLXNjYWxlZC53ZWJwIiwic2xpZGVzaG93IjoiODAzMmQwYyJ9\">\n\t\t\t\t\t<div class=\"e-gallery-image elementor-gallery-item__image\" data-thumbnail=\"https:\/\/bilten.spk.rs\/spkbilten012026\/wp-content\/uploads\/2026\/05\/2-1-768x511.jpg\" data-width=\"768\" data-height=\"511\" aria-label=\"\" role=\"img\" ><\/div>\n\t\t\t\t\t\t\t\t\t\t\t<div class=\"elementor-gallery-item__overlay\"><\/div>\n\t\t\t\t\t\t\t\t\t\t\t\t\t\t<\/a>\n\t\t\t\t\t\t\t<a class=\"e-gallery-item elementor-gallery-item elementor-animated-content\" href=\"https:\/\/bilten.spk.rs\/spkbilten012026\/wp-content\/uploads\/2026\/05\/3-1-scaled.webp\" data-elementor-open-lightbox=\"yes\" data-elementor-lightbox-slideshow=\"8032d0c\" data-elementor-lightbox-title=\"3\" data-e-action-hash=\"#elementor-action%3Aaction%3Dlightbox%26settings%3DeyJpZCI6OTE0LCJ1cmwiOiJodHRwczpcL1wvYmlsdGVuLnNway5yc1wvc3BrYmlsdGVuMDEyMDI2XC93cC1jb250ZW50XC91cGxvYWRzXC8yMDI2XC8wNVwvMy0xLXNjYWxlZC53ZWJwIiwic2xpZGVzaG93IjoiODAzMmQwYyJ9\">\n\t\t\t\t\t<div class=\"e-gallery-image elementor-gallery-item__image\" data-thumbnail=\"https:\/\/bilten.spk.rs\/spkbilten012026\/wp-content\/uploads\/2026\/05\/3-1-768x511.jpg\" data-width=\"768\" data-height=\"511\" aria-label=\"\" role=\"img\" ><\/div>\n\t\t\t\t\t\t\t\t\t\t\t<div class=\"elementor-gallery-item__overlay\"><\/div>\n\t\t\t\t\t\t\t\t\t\t\t\t\t\t<\/a>\n\t\t\t\t\t\t\t<a class=\"e-gallery-item elementor-gallery-item elementor-animated-content\" href=\"https:\/\/bilten.spk.rs\/spkbilten012026\/wp-content\/uploads\/2026\/05\/4-scaled.jpg\" data-elementor-open-lightbox=\"yes\" data-elementor-lightbox-slideshow=\"8032d0c\" data-elementor-lightbox-title=\"4\" data-e-action-hash=\"#elementor-action%3Aaction%3Dlightbox%26settings%3DeyJpZCI6OTE1LCJ1cmwiOiJodHRwczpcL1wvYmlsdGVuLnNway5yc1wvc3BrYmlsdGVuMDEyMDI2XC93cC1jb250ZW50XC91cGxvYWRzXC8yMDI2XC8wNVwvNC1zY2FsZWQuanBnIiwic2xpZGVzaG93IjoiODAzMmQwYyJ9\">\n\t\t\t\t\t<div class=\"e-gallery-image elementor-gallery-item__image\" data-thumbnail=\"https:\/\/bilten.spk.rs\/spkbilten012026\/wp-content\/uploads\/2026\/05\/4-768x511.jpg\" data-width=\"768\" data-height=\"511\" aria-label=\"\" role=\"img\" ><\/div>\n\t\t\t\t\t\t\t\t\t\t\t<div class=\"elementor-gallery-item__overlay\"><\/div>\n\t\t\t\t\t\t\t\t\t\t\t\t\t\t<\/a>\n\t\t\t\t\t\t\t<a class=\"e-gallery-item elementor-gallery-item elementor-animated-content\" href=\"https:\/\/bilten.spk.rs\/spkbilten012026\/wp-content\/uploads\/2026\/05\/5-scaled.webp\" data-elementor-open-lightbox=\"yes\" data-elementor-lightbox-slideshow=\"8032d0c\" data-elementor-lightbox-title=\"5\" data-e-action-hash=\"#elementor-action%3Aaction%3Dlightbox%26settings%3DeyJpZCI6OTE2LCJ1cmwiOiJodHRwczpcL1wvYmlsdGVuLnNway5yc1wvc3BrYmlsdGVuMDEyMDI2XC93cC1jb250ZW50XC91cGxvYWRzXC8yMDI2XC8wNVwvNS1zY2FsZWQud2VicCIsInNsaWRlc2hvdyI6IjgwMzJkMGMifQ%3D%3D\">\n\t\t\t\t\t<div class=\"e-gallery-image elementor-gallery-item__image\" data-thumbnail=\"https:\/\/bilten.spk.rs\/spkbilten012026\/wp-content\/uploads\/2026\/05\/5-768x511.jpeg\" data-width=\"768\" data-height=\"511\" aria-label=\"\" role=\"img\" ><\/div>\n\t\t\t\t\t\t\t\t\t\t\t<div class=\"elementor-gallery-item__overlay\"><\/div>\n\t\t\t\t\t\t\t\t\t\t\t\t\t\t<\/a>\n\t\t\t\t\t\t\t<a class=\"e-gallery-item elementor-gallery-item elementor-animated-content\" href=\"https:\/\/bilten.spk.rs\/spkbilten012026\/wp-content\/uploads\/2026\/05\/6-scaled.webp\" data-elementor-open-lightbox=\"yes\" data-elementor-lightbox-slideshow=\"8032d0c\" data-elementor-lightbox-title=\"6\" data-e-action-hash=\"#elementor-action%3Aaction%3Dlightbox%26settings%3DeyJpZCI6OTE3LCJ1cmwiOiJodHRwczpcL1wvYmlsdGVuLnNway5yc1wvc3BrYmlsdGVuMDEyMDI2XC93cC1jb250ZW50XC91cGxvYWRzXC8yMDI2XC8wNVwvNi1zY2FsZWQud2VicCIsInNsaWRlc2hvdyI6IjgwMzJkMGMifQ%3D%3D\">\n\t\t\t\t\t<div class=\"e-gallery-image elementor-gallery-item__image\" data-thumbnail=\"https:\/\/bilten.spk.rs\/spkbilten012026\/wp-content\/uploads\/2026\/05\/6-768x511.jpg\" data-width=\"768\" data-height=\"511\" aria-label=\"\" role=\"img\" ><\/div>\n\t\t\t\t\t\t\t\t\t\t\t<div class=\"elementor-gallery-item__overlay\"><\/div>\n\t\t\t\t\t\t\t\t\t\t\t\t\t\t<\/a>\n\t\t\t\t\t\t\t<a class=\"e-gallery-item elementor-gallery-item elementor-animated-content\" href=\"https:\/\/bilten.spk.rs\/spkbilten012026\/wp-content\/uploads\/2026\/05\/7-scaled.webp\" data-elementor-open-lightbox=\"yes\" data-elementor-lightbox-slideshow=\"8032d0c\" data-elementor-lightbox-title=\"7\" data-e-action-hash=\"#elementor-action%3Aaction%3Dlightbox%26settings%3DeyJpZCI6OTE4LCJ1cmwiOiJodHRwczpcL1wvYmlsdGVuLnNway5yc1wvc3BrYmlsdGVuMDEyMDI2XC93cC1jb250ZW50XC91cGxvYWRzXC8yMDI2XC8wNVwvNy1zY2FsZWQud2VicCIsInNsaWRlc2hvdyI6IjgwMzJkMGMifQ%3D%3D\">\n\t\t\t\t\t<div class=\"e-gallery-image elementor-gallery-item__image\" data-thumbnail=\"https:\/\/bilten.spk.rs\/spkbilten012026\/wp-content\/uploads\/2026\/05\/7-768x511.jpg\" data-width=\"768\" data-height=\"511\" aria-label=\"\" role=\"img\" ><\/div>\n\t\t\t\t\t\t\t\t\t\t\t<div class=\"elementor-gallery-item__overlay\"><\/div>\n\t\t\t\t\t\t\t\t\t\t\t\t\t\t<\/a>\n\t\t\t\t\t\t\t<a class=\"e-gallery-item elementor-gallery-item elementor-animated-content\" href=\"https:\/\/bilten.spk.rs\/spkbilten012026\/wp-content\/uploads\/2026\/05\/9-2-scaled.jpeg\" data-elementor-open-lightbox=\"yes\" data-elementor-lightbox-slideshow=\"8032d0c\" data-elementor-lightbox-title=\"9-2\" data-e-action-hash=\"#elementor-action%3Aaction%3Dlightbox%26settings%3DeyJpZCI6OTE5LCJ1cmwiOiJodHRwczpcL1wvYmlsdGVuLnNway5yc1wvc3BrYmlsdGVuMDEyMDI2XC93cC1jb250ZW50XC91cGxvYWRzXC8yMDI2XC8wNVwvOS0yLXNjYWxlZC5qcGVnIiwic2xpZGVzaG93IjoiODAzMmQwYyJ9\">\n\t\t\t\t\t<div class=\"e-gallery-image elementor-gallery-item__image\" data-thumbnail=\"https:\/\/bilten.spk.rs\/spkbilten012026\/wp-content\/uploads\/2026\/05\/9-2-768x511.jpeg\" data-width=\"768\" data-height=\"511\" aria-label=\"\" role=\"img\" ><\/div>\n\t\t\t\t\t\t\t\t\t\t\t<div class=\"elementor-gallery-item__overlay\"><\/div>\n\t\t\t\t\t\t\t\t\t\t\t\t\t\t<\/a>\n\t\t\t\t\t\t\t<a class=\"e-gallery-item elementor-gallery-item elementor-animated-content\" href=\"https:\/\/bilten.spk.rs\/spkbilten012026\/wp-content\/uploads\/2026\/05\/8-scaled.jpg\" data-elementor-open-lightbox=\"yes\" data-elementor-lightbox-slideshow=\"8032d0c\" data-elementor-lightbox-title=\"8\" data-e-action-hash=\"#elementor-action%3Aaction%3Dlightbox%26settings%3DeyJpZCI6OTIwLCJ1cmwiOiJodHRwczpcL1wvYmlsdGVuLnNway5yc1wvc3BrYmlsdGVuMDEyMDI2XC93cC1jb250ZW50XC91cGxvYWRzXC8yMDI2XC8wNVwvOC1zY2FsZWQuanBnIiwic2xpZGVzaG93IjoiODAzMmQwYyJ9\">\n\t\t\t\t\t<div class=\"e-gallery-image elementor-gallery-item__image\" data-thumbnail=\"https:\/\/bilten.spk.rs\/spkbilten012026\/wp-content\/uploads\/2026\/05\/8-768x511.jpg\" data-width=\"768\" data-height=\"511\" aria-label=\"\" role=\"img\" ><\/div>\n\t\t\t\t\t\t\t\t\t\t\t<div class=\"elementor-gallery-item__overlay\"><\/div>\n\t\t\t\t\t\t\t\t\t\t\t\t\t\t<\/a>\n\t\t\t\t\t\t\t<a class=\"e-gallery-item elementor-gallery-item elementor-animated-content\" href=\"https:\/\/bilten.spk.rs\/spkbilten012026\/wp-content\/uploads\/2026\/05\/9-scaled.webp\" data-elementor-open-lightbox=\"yes\" data-elementor-lightbox-slideshow=\"8032d0c\" data-elementor-lightbox-title=\"9\" data-e-action-hash=\"#elementor-action%3Aaction%3Dlightbox%26settings%3DeyJpZCI6OTIxLCJ1cmwiOiJodHRwczpcL1wvYmlsdGVuLnNway5yc1wvc3BrYmlsdGVuMDEyMDI2XC93cC1jb250ZW50XC91cGxvYWRzXC8yMDI2XC8wNVwvOS1zY2FsZWQud2VicCIsInNsaWRlc2hvdyI6IjgwMzJkMGMifQ%3D%3D\">\n\t\t\t\t\t<div class=\"e-gallery-image elementor-gallery-item__image\" data-thumbnail=\"https:\/\/bilten.spk.rs\/spkbilten012026\/wp-content\/uploads\/2026\/05\/9-768x511.jpeg\" data-width=\"768\" data-height=\"511\" aria-label=\"\" role=\"img\" ><\/div>\n\t\t\t\t\t\t\t\t\t\t\t<div class=\"elementor-gallery-item__overlay\"><\/div>\n\t\t\t\t\t\t\t\t\t\t\t\t\t\t<\/a>\n\t\t\t\t\t\t\t<a class=\"e-gallery-item elementor-gallery-item elementor-animated-content\" href=\"https:\/\/bilten.spk.rs\/spkbilten012026\/wp-content\/uploads\/2026\/05\/10-scaled.webp\" data-elementor-open-lightbox=\"yes\" data-elementor-lightbox-slideshow=\"8032d0c\" data-elementor-lightbox-title=\"10\" data-e-action-hash=\"#elementor-action%3Aaction%3Dlightbox%26settings%3DeyJpZCI6OTIyLCJ1cmwiOiJodHRwczpcL1wvYmlsdGVuLnNway5yc1wvc3BrYmlsdGVuMDEyMDI2XC93cC1jb250ZW50XC91cGxvYWRzXC8yMDI2XC8wNVwvMTAtc2NhbGVkLndlYnAiLCJzbGlkZXNob3ciOiI4MDMyZDBjIn0%3D\">\n\t\t\t\t\t<div class=\"e-gallery-image elementor-gallery-item__image\" data-thumbnail=\"https:\/\/bilten.spk.rs\/spkbilten012026\/wp-content\/uploads\/2026\/05\/10-768x511.jpeg\" data-width=\"768\" data-height=\"511\" aria-label=\"\" role=\"img\" ><\/div>\n\t\t\t\t\t\t\t\t\t\t\t<div class=\"elementor-gallery-item__overlay\"><\/div>\n\t\t\t\t\t\t\t\t\t\t\t\t\t\t<\/a>\n\t\t\t\t\t\t\t<a class=\"e-gallery-item elementor-gallery-item elementor-animated-content\" href=\"https:\/\/bilten.spk.rs\/spkbilten012026\/wp-content\/uploads\/2026\/05\/2-scaled.jpg\" data-elementor-open-lightbox=\"yes\" data-elementor-lightbox-slideshow=\"8032d0c\" data-elementor-lightbox-title=\"2\" data-e-action-hash=\"#elementor-action%3Aaction%3Dlightbox%26settings%3DeyJpZCI6ODk3LCJ1cmwiOiJodHRwczpcL1wvYmlsdGVuLnNway5yc1wvc3BrYmlsdGVuMDEyMDI2XC93cC1jb250ZW50XC91cGxvYWRzXC8yMDI2XC8wNVwvMi1zY2FsZWQuanBnIiwic2xpZGVzaG93IjoiODAzMmQwYyJ9\">\n\t\t\t\t\t<div class=\"e-gallery-image elementor-gallery-item__image\" data-thumbnail=\"https:\/\/bilten.spk.rs\/spkbilten012026\/wp-content\/uploads\/2026\/05\/2-768x511.jpg\" data-width=\"768\" data-height=\"511\" aria-label=\"\" role=\"img\" ><\/div>\n\t\t\t\t\t\t\t\t\t\t\t<div class=\"elementor-gallery-item__overlay\"><\/div>\n\t\t\t\t\t\t\t\t\t\t\t\t\t\t<\/a>\n\t\t\t\t\t\t\t<a class=\"e-gallery-item elementor-gallery-item elementor-animated-content\" href=\"https:\/\/bilten.spk.rs\/spkbilten012026\/wp-content\/uploads\/2026\/05\/11-1-scaled.webp\" data-elementor-open-lightbox=\"yes\" data-elementor-lightbox-slideshow=\"8032d0c\" data-elementor-lightbox-title=\"11-1\" data-e-action-hash=\"#elementor-action%3Aaction%3Dlightbox%26settings%3DeyJpZCI6OTIzLCJ1cmwiOiJodHRwczpcL1wvYmlsdGVuLnNway5yc1wvc3BrYmlsdGVuMDEyMDI2XC93cC1jb250ZW50XC91cGxvYWRzXC8yMDI2XC8wNVwvMTEtMS1zY2FsZWQud2VicCIsInNsaWRlc2hvdyI6IjgwMzJkMGMifQ%3D%3D\">\n\t\t\t\t\t<div class=\"e-gallery-image elementor-gallery-item__image\" data-thumbnail=\"https:\/\/bilten.spk.rs\/spkbilten012026\/wp-content\/uploads\/2026\/05\/11-1-768x511.jpg\" data-width=\"768\" data-height=\"511\" aria-label=\"\" role=\"img\" ><\/div>\n\t\t\t\t\t\t\t\t\t\t\t<div class=\"elementor-gallery-item__overlay\"><\/div>\n\t\t\t\t\t\t\t\t\t\t\t\t\t\t<\/a>\n\t\t\t\t\t\t\t<a class=\"e-gallery-item elementor-gallery-item elementor-animated-content\" href=\"https:\/\/bilten.spk.rs\/spkbilten012026\/wp-content\/uploads\/2026\/05\/11-scaled.webp\" data-elementor-open-lightbox=\"yes\" data-elementor-lightbox-slideshow=\"8032d0c\" data-elementor-lightbox-title=\"11\" data-e-action-hash=\"#elementor-action%3Aaction%3Dlightbox%26settings%3DeyJpZCI6OTI0LCJ1cmwiOiJodHRwczpcL1wvYmlsdGVuLnNway5yc1wvc3BrYmlsdGVuMDEyMDI2XC93cC1jb250ZW50XC91cGxvYWRzXC8yMDI2XC8wNVwvMTEtc2NhbGVkLndlYnAiLCJzbGlkZXNob3ciOiI4MDMyZDBjIn0%3D\">\n\t\t\t\t\t<div class=\"e-gallery-image elementor-gallery-item__image\" data-thumbnail=\"https:\/\/bilten.spk.rs\/spkbilten012026\/wp-content\/uploads\/2026\/05\/11-768x511.jpeg\" data-width=\"768\" data-height=\"511\" aria-label=\"\" role=\"img\" ><\/div>\n\t\t\t\t\t\t\t\t\t\t\t<div class=\"elementor-gallery-item__overlay\"><\/div>\n\t\t\t\t\t\t\t\t\t\t\t\t\t\t<\/a>\n\t\t\t\t\t\t\t<a class=\"e-gallery-item elementor-gallery-item elementor-animated-content\" href=\"https:\/\/bilten.spk.rs\/spkbilten012026\/wp-content\/uploads\/2026\/05\/12-scaled.webp\" data-elementor-open-lightbox=\"yes\" data-elementor-lightbox-slideshow=\"8032d0c\" data-elementor-lightbox-title=\"12\" data-e-action-hash=\"#elementor-action%3Aaction%3Dlightbox%26settings%3DeyJpZCI6OTI1LCJ1cmwiOiJodHRwczpcL1wvYmlsdGVuLnNway5yc1wvc3BrYmlsdGVuMDEyMDI2XC93cC1jb250ZW50XC91cGxvYWRzXC8yMDI2XC8wNVwvMTItc2NhbGVkLndlYnAiLCJzbGlkZXNob3ciOiI4MDMyZDBjIn0%3D\">\n\t\t\t\t\t<div class=\"e-gallery-image elementor-gallery-item__image\" data-thumbnail=\"https:\/\/bilten.spk.rs\/spkbilten012026\/wp-content\/uploads\/2026\/05\/12-768x511.jpeg\" data-width=\"768\" data-height=\"511\" aria-label=\"\" role=\"img\" ><\/div>\n\t\t\t\t\t\t\t\t\t\t\t<div class=\"elementor-gallery-item__overlay\"><\/div>\n\t\t\t\t\t\t\t\t\t\t\t\t\t\t<\/a>\n\t\t\t\t\t\t\t<a class=\"e-gallery-item elementor-gallery-item elementor-animated-content\" href=\"https:\/\/bilten.spk.rs\/spkbilten012026\/wp-content\/uploads\/2026\/05\/14-scaled.webp\" data-elementor-open-lightbox=\"yes\" data-elementor-lightbox-slideshow=\"8032d0c\" data-elementor-lightbox-title=\"14\" data-e-action-hash=\"#elementor-action%3Aaction%3Dlightbox%26settings%3DeyJpZCI6OTI2LCJ1cmwiOiJodHRwczpcL1wvYmlsdGVuLnNway5yc1wvc3BrYmlsdGVuMDEyMDI2XC93cC1jb250ZW50XC91cGxvYWRzXC8yMDI2XC8wNVwvMTQtc2NhbGVkLndlYnAiLCJzbGlkZXNob3ciOiI4MDMyZDBjIn0%3D\">\n\t\t\t\t\t<div class=\"e-gallery-image elementor-gallery-item__image\" data-thumbnail=\"https:\/\/bilten.spk.rs\/spkbilten012026\/wp-content\/uploads\/2026\/05\/14-768x511.webp\" data-width=\"768\" data-height=\"511\" aria-label=\"\" role=\"img\" ><\/div>\n\t\t\t\t\t\t\t\t\t\t\t<div class=\"elementor-gallery-item__overlay\"><\/div>\n\t\t\t\t\t\t\t\t\t\t\t\t\t\t<\/a>\n\t\t\t\t\t<\/div>\n\t\t\t\t\t<\/div>\n\t\t\t\t<div class=\"elementor-element elementor-element-de17c73 elementor-widget elementor-widget-video\" data-id=\"de17c73\" data-element_type=\"widget\" data-e-type=\"widget\" data-settings=\"{&quot;youtube_url&quot;:&quot;https:\\\/\\\/www.youtube.com\\\/watch?v=LlDHAtOiAbM&quot;,&quot;video_type&quot;:&quot;youtube&quot;,&quot;controls&quot;:&quot;yes&quot;}\" data-widget_type=\"video.default\">\n\t\t\t\t\t\t\t<div class=\"elementor-wrapper elementor-open-inline\">\n\t\t\t<div class=\"elementor-video\"><\/div>\t\t<\/div>\n\t\t\t\t\t\t<\/div>\n\t\t\t\t\t<\/div>\n\t\t<\/div>\n\t\t\t\t\t<\/div>\n\t\t<\/section>\n\t\t\t\t<\/div>\n\t\t","protected":false},"excerpt":{"rendered":"<p>Dne 31. marca je v IN hotelu potekala redna, hkrati tudi volilna seja Skup\u0161\u010dine Slovenskega poslovnega kluba. Na za\u010detku je [&hellip;]<\/p>\n","protected":false},"author":1,"featured_media":126,"parent":737,"menu_order":0,"comment_status":"closed","ping_status":"closed","template":"","meta":{"_angie_page":false,"site-sidebar-layout":"no-sidebar","site-content-layout":"","ast-site-content-layout":"full-width-container","site-content-style":"default","site-sidebar-style":"default","ast-global-header-display":"","ast-banner-title-visibility":"","ast-main-header-display":"","ast-hfb-above-header-display":"","ast-hfb-below-header-display":"","ast-hfb-mobile-header-display":"","site-post-title":"disabled","ast-breadcrumbs-content":"","ast-featured-img":"disabled","footer-sml-layout":"","ast-disable-related-posts":"","theme-transparent-header-meta":"default","adv-header-id-meta":"","stick-header-meta":"","header-above-stick-meta":"","header-main-stick-meta":"","header-below-stick-meta":"","astra-migrate-meta-layouts":"set","ast-page-background-enabled":"default","ast-page-background-meta":{"desktop":{"background-color":"var(--ast-global-color-5)","background-image":"","background-repeat":"repeat","background-position":"center center","background-size":"auto","background-attachment":"scroll","background-type":"","background-media":"","overlay-type":"","overlay-color":"","overlay-opacity":"","overlay-gradient":""},"tablet":{"background-color":"","background-image":"","background-repeat":"repeat","background-position":"center center","background-size":"auto","background-attachment":"scroll","background-type":"","background-media":"","overlay-type":"","overlay-color":"","overlay-opacity":"","overlay-gradient":""},"mobile":{"background-color":"","background-image":"","background-repeat":"repeat","background-position":"center center","background-size":"auto","background-attachment":"scroll","background-type":"","background-media":"","overlay-type":"","overlay-color":"","overlay-opacity":"","overlay-gradient":""}},"ast-content-background-meta":{"desktop":{"background-color":"var(--ast-global-color-4)","background-image":"","background-repeat":"repeat","background-position":"center center","background-size":"auto","background-attachment":"scroll","background-type":"","background-media":"","overlay-type":"","overlay-color":"","overlay-opacity":"","overlay-gradient":""},"tablet":{"background-color":"var(--ast-global-color-4)","background-image":"","background-repeat":"repeat","background-position":"center center","background-size":"auto","background-attachment":"scroll","background-type":"","background-media":"","overlay-type":"","overlay-color":"","overlay-opacity":"","overlay-gradient":""},"mobile":{"background-color":"var(--ast-global-color-4)","background-image":"","background-repeat":"repeat","background-position":"center center","background-size":"auto","background-attachment":"scroll","background-type":"","background-media":"","overlay-type":"","overlay-color":"","overlay-opacity":"","overlay-gradient":""}},"footnotes":""},"class_list":["post-760","page","type-page","status-publish","has-post-thumbnail","hentry"],"_links":{"self":[{"href":"https:\/\/bilten.spk.rs\/spkbilten012026\/wp-json\/wp\/v2\/pages\/760","targetHints":{"allow":["GET"]}}],"collection":[{"href":"https:\/\/bilten.spk.rs\/spkbilten012026\/wp-json\/wp\/v2\/pages"}],"about":[{"href":"https:\/\/bilten.spk.rs\/spkbilten012026\/wp-json\/wp\/v2\/types\/page"}],"author":[{"embeddable":true,"href":"https:\/\/bilten.spk.rs\/spkbilten012026\/wp-json\/wp\/v2\/users\/1"}],"replies":[{"embeddable":true,"href":"https:\/\/bilten.spk.rs\/spkbilten012026\/wp-json\/wp\/v2\/comments?post=760"}],"version-history":[{"count":15,"href":"https:\/\/bilten.spk.rs\/spkbilten012026\/wp-json\/wp\/v2\/pages\/760\/revisions"}],"predecessor-version":[{"id":981,"href":"https:\/\/bilten.spk.rs\/spkbilten012026\/wp-json\/wp\/v2\/pages\/760\/revisions\/981"}],"up":[{"embeddable":true,"href":"https:\/\/bilten.spk.rs\/spkbilten012026\/wp-json\/wp\/v2\/pages\/737"}],"wp:featuredmedia":[{"embeddable":true,"href":"https:\/\/bilten.spk.rs\/spkbilten012026\/wp-json\/wp\/v2\/media\/126"}],"wp:attachment":[{"href":"https:\/\/bilten.spk.rs\/spkbilten012026\/wp-json\/wp\/v2\/media?parent=760"}],"curies":[{"name":"wp","href":"https:\/\/api.w.org\/{rel}","templated":true}]}}