{"id":790,"date":"2026-05-06T21:06:31","date_gmt":"2026-05-06T19:06:31","guid":{"rendered":"https:\/\/bilten.spk.rs\/spkbilten012026\/?page_id=790"},"modified":"2026-05-07T16:10:52","modified_gmt":"2026-05-07T14:10:52","slug":"tilen-rebec","status":"publish","type":"page","link":"https:\/\/bilten.spk.rs\/spkbilten012026\/sl\/intervju-2\/tilen-rebec\/","title":{"rendered":"Tilen Rebec"},"content":{"rendered":"\t\t<div data-elementor-type=\"wp-page\" data-elementor-id=\"790\" class=\"elementor elementor-790\" data-elementor-post-type=\"page\">\n\t\t\t\t<div class=\"elementor-element elementor-element-9984429 e-flex e-con-boxed e-con e-parent\" data-id=\"9984429\" data-element_type=\"container\" data-e-type=\"container\" data-settings=\"{&quot;background_background&quot;:&quot;classic&quot;}\">\n\t\t\t\t\t<div class=\"e-con-inner\">\n\t\t<div class=\"elementor-element elementor-element-8ebf28b animated-slow e-con-full e-flex elementor-invisible e-con e-child\" data-id=\"8ebf28b\" data-element_type=\"container\" data-e-type=\"container\" data-settings=\"{&quot;animation&quot;:&quot;fadeInLeft&quot;}\">\n\t\t\t\t<div class=\"elementor-element elementor-element-e3ebbce elementor-widget elementor-widget-heading\" data-id=\"e3ebbce\" data-element_type=\"widget\" data-e-type=\"widget\" data-widget_type=\"heading.default\">\n\t\t\t\t\t<span class=\"elementor-heading-title elementor-size-default\">Intervju<\/span>\t\t\t\t<\/div>\n\t\t\t\t<div class=\"elementor-element elementor-element-ed17055 elementor-widget elementor-widget-heading\" data-id=\"ed17055\" data-element_type=\"widget\" data-e-type=\"widget\" data-widget_type=\"heading.default\">\n\t\t\t\t\t<span class=\"elementor-heading-title elementor-size-default\">Tilen <b>Rebec<\/b>  <\/span>\t\t\t\t<\/div>\n\t\t\t\t<div class=\"elementor-element elementor-element-8381aae elementor-widget-divider--view-line elementor-widget elementor-widget-divider\" data-id=\"8381aae\" data-element_type=\"widget\" data-e-type=\"widget\" data-widget_type=\"divider.default\">\n\t\t\t\t\t\t\t<div class=\"elementor-divider\">\n\t\t\t<span class=\"elementor-divider-separator\">\n\t\t\t\t\t\t<\/span>\n\t\t<\/div>\n\t\t\t\t\t\t<\/div>\n\t\t\t\t<div class=\"elementor-element elementor-element-fb05dc7 elementor-widget elementor-widget-heading\" data-id=\"fb05dc7\" data-element_type=\"widget\" data-e-type=\"widget\" data-widget_type=\"heading.default\">\n\t\t\t\t\t<span class=\"elementor-heading-title elementor-size-default\">Direktor SRC doo Beograd in \u010dlan uprave SRC d.o.o. Ljubljana<\/span>\t\t\t\t<\/div>\n\t\t\t\t<div class=\"elementor-element elementor-element-50defa9 elementor-widget__width-auto elementor-widget elementor-widget-heading\" data-id=\"50defa9\" data-element_type=\"widget\" data-e-type=\"widget\" data-widget_type=\"heading.default\">\n\t\t\t\t\t<span class=\"elementor-heading-title elementor-size-default\"><a href=\"https:\/\/www.src.si\/sr\/\" target=\"_blank\">www.src.si<\/a><\/span>\t\t\t\t<\/div>\n\t\t\t\t<div class=\"elementor-element elementor-element-e6dfab2 elementor-widget elementor-widget-text-editor\" data-id=\"e6dfab2\" data-element_type=\"widget\" data-e-type=\"widget\" data-widget_type=\"text-editor.default\">\n\t\t\t\t\t\t\t\t\t<p>V\u00a02026.\u00a0ne obstaja\u00a0\u201ebusiness as usual\u201c. Kako planirati in\u00a0sprememati odlo\u010ditve?<\/p><p>V svetu, kjer se pravila spreminjajo \u010dez no\u010d \u2013 od carinskih ovir, skokov cen energije do geopoliti\u010dnih napetosti in inflacije \u2013 postane eno jasno: na\u010drti niso ve\u010d dokumenti, temve\u010d \u017eivi organizmi. Kar je veljalo v\u010deraj, je lahko danes napa\u010dno. In kar bo veljalo jutri, je treba danes predvideti.<\/p><p>V tak\u0161nem okolju si podjetja ne morejo ve\u010d privo\u0161\u010diti razko\u0161ja po\u010dasnega odlo\u010danja. In prav tukaj nastopi SAP Analytics Cloud (SAC), ki tudi pri nas v SRC \u017ee danes spreminja na\u010din, kako podjetja na\u010drtujejo, analizirajo in upravljajo poslovanje.\u00a0<\/p>\t\t\t\t\t\t\t\t<\/div>\n\t\t\t\t<\/div>\n\t\t<div class=\"elementor-element elementor-element-c193b38 e-con-full e-flex e-con e-child\" data-id=\"c193b38\" data-element_type=\"container\" data-e-type=\"container\">\n\t\t\t\t<div class=\"elementor-element elementor-element-92438c9 animated-slow elementor-invisible elementor-widget elementor-widget-image\" data-id=\"92438c9\" data-element_type=\"widget\" data-e-type=\"widget\" data-settings=\"{&quot;_animation&quot;:&quot;fadeInRight&quot;}\" data-widget_type=\"image.default\">\n\t\t\t\t\t\t\t\t\t\t\t\t\t\t\t<img fetchpriority=\"high\" decoding=\"async\" width=\"744\" height=\"683\" src=\"https:\/\/bilten.spk.rs\/spkbilten012026\/wp-content\/uploads\/2026\/05\/bilten_2026_intervju_photo_tilen_rebec-1.webp\" class=\"attachment-large size-large wp-image-989\" alt=\"\" srcset=\"https:\/\/bilten.spk.rs\/spkbilten012026\/wp-content\/uploads\/2026\/05\/bilten_2026_intervju_photo_tilen_rebec-1.webp 744w, https:\/\/bilten.spk.rs\/spkbilten012026\/wp-content\/uploads\/2026\/05\/bilten_2026_intervju_photo_tilen_rebec-1-300x275.webp 300w\" sizes=\"(max-width: 744px) 100vw, 744px\" \/>\t\t\t\t\t\t\t\t\t\t\t\t\t\t\t<\/div>\n\t\t\t\t<\/div>\n\t\t\t\t\t<\/div>\n\t\t\t\t<\/div>\n\t\t<div class=\"elementor-element elementor-element-bd7c1ab e-flex e-con-boxed e-con e-parent\" data-id=\"bd7c1ab\" data-element_type=\"container\" data-e-type=\"container\">\n\t\t\t\t\t<div class=\"e-con-inner\">\n\t\t\t\t<div class=\"elementor-element elementor-element-70dd8bf elementor-widget elementor-widget-text-editor\" data-id=\"70dd8bf\" data-element_type=\"widget\" data-e-type=\"widget\" data-widget_type=\"text-editor.default\">\n\t\t\t\t\t\t\t\t\t<blockquote><p><strong>V<\/strong><strong> 2026. <\/strong><strong>ne obstaja<\/strong><strong> \u201ebusiness as usual\u201c. Kako planirati i<\/strong><strong>n<\/strong> <strong>sprememati odlo\u010ditve<\/strong><strong>?<\/strong><\/p><\/blockquote><p><strong>SRC <\/strong><strong>prina\u0161a<\/strong><strong> SAP SAC za odgovore na te<\/strong><strong>\u017e<\/strong><strong>ka <\/strong><strong>vpra\u0161anja<\/strong><\/p><p>V svetu, kjer se pravila spreminjajo \u010dez no\u010d \u2013 od carinskih ovir, skokov cen energije do geopoliti\u010dnih napetosti in inflacije \u2013 postane eno jasno: na\u010drti niso ve\u010d dokumenti, temve\u010d \u017eivi organizmi. Kar je veljalo v\u010deraj, je lahko danes napa\u010dno. In kar bo veljalo jutri, je treba danes predvideti.<\/p><p>V tak\u0161nem okolju si podjetja ne morejo ve\u010d privo\u0161\u010diti razko\u0161ja po\u010dasnega odlo\u010danja. In prav tukaj nastopi SAP Analytics Cloud (SAC), ki tudi pri nas v SRC \u017ee danes spreminja na\u010din, kako podjetja na\u010drtujejo, analizirajo in upravljajo poslovanje.<\/p><blockquote><p>Gre za edinstveno platformo, ki zdru\u017euje na\u010drtovanje, analitiko in napovedovanje v realnem \u010dasu ter omogo\u010da vodstvu sprejemanje premi\u0161ljenih in hitrih odlo\u010ditev. Predstavljajte si, da lahko hkrati vidite, kako sprememba cene nafte vpliva na va\u0161o dobi\u010dkonosnost. Ali kako nova carinska politika spremeni strukturo stro\u0161kov. Ali pa z nekaj kliki simulirate razli\u010dne scenarije \u2013 optimisti\u010dne, realisti\u010dne, krizne \u2013 in takoj vidite posledice.<\/p><\/blockquote><p>SAP SAC omogo\u010da prav to:<\/p><p>\u2013 hitro in natan\u010dno na\u010drtovanje brez kaoti\u010dnih tabel<\/p><p>\u2013 simulacije poslovnih scenarijev in sprejemanje odlo\u010ditev vnaprej<\/p><p>\u2013 povezovanje vseh oddelkov na eni platformi<\/p><p>\u2013 vpogled v podatke v realnem \u010dasu<\/p><p>\u2013 agilno prilagajanje na\u010drtov v skladu s spremembami<\/p><blockquote><p>Namesto dolgih ciklov na\u010drtovanja in neusklajenih razli\u010dic podatkov podjetja dobijo eno platformo in eno poslovno sliko \u2013 vedno posodobljeno.<\/p><\/blockquote><p><strong>Kako SAP SAC <\/strong><strong>uporablja<\/strong><strong> direktor SRC-a <\/strong><strong>v<\/strong><strong> praksi?<\/strong><\/p><p>\u201e\u010ce odgovorim nakratko \u2013 za jasen pregled poslovanja,\u201c pravi direktor SRC-a, Tilen Rebec.<\/p><p>Toda za tem kratkim stavkom se skriva popolna preobrazba upravljanja podjetja.<\/p><p>SAP Analytics Cloud v SRC je vsakodnevni pripomo\u010dek za:<\/p><p>&#8211; spremljanje izvajanja na\u010drta<\/p><p>&#8211; nadzor stro\u0161kov<\/p><p>&#8211; analizo dobi\u010dkonosnosti projektov in oddelkov<\/p><p>Na tedenski in mese\u010dni ravni se uporablja za napovedovanje &#8211; natan\u010dno napovedovanje prihodkov in odhodkov. To pomeni, da vodstvo ves \u010das ve, kje bo podjetje kon\u010dalo na koncu meseca ali \u010detrtletja. Brez ugibanja. Brez \u010dakanja.<\/p><p>Kontrolna ekipa uporablja SAC za \u010detrtletne analize in mese\u010dna poro\u010dila &#8211; klju\u010dna razlika pa je hitrost in razpolo\u017eljivost: vsi podatki so na enem mestu, takoj na voljo. Ni\u010d ve\u010d ve\u010ddnevnega \u010dakanja na poro\u010dila. Brez &#8220;ro\u010dne obdelave&#8221;.<\/p><p>Rezultat?<\/p><p>Na\u010drtovanje, ki se je neko\u010d merilo v mesecih, se zdaj meri v tednih.<\/p><p>Reakcije, ki so trajale tedne, se danes zgodijo v dneh. In ko je potrebno &#8211; celo v urah.<\/p><p>To je bistvo sodobnega podjetja: ne le vedeti, kaj se je zgodilo, ampak razumeti, kaj se dogaja &#8211; in reagirati, preden je prepozno.<\/p><p>Leta 2026 vpra\u0161anje ni ve\u010d, ali boste digitalizirali na\u010drtovanje.<\/p><p>Vpra\u0161anje je \u2013 kdaj za\u010deti.<\/p>\t\t\t\t\t\t\t\t<\/div>\n\t\t\t\t<div class=\"elementor-element elementor-element-2e18b2c elementor-widget elementor-widget-image\" data-id=\"2e18b2c\" data-element_type=\"widget\" data-e-type=\"widget\" data-widget_type=\"image.default\">\n\t\t\t\t\t\t\t\t\t\t\t\t\t\t\t\t<a href=\"https:\/\/www.src.si\/sr\/\" target=\"_blank\" rel=\"nofollow\">\n\t\t\t\t\t\t\t<img decoding=\"async\" width=\"1080\" height=\"480\" src=\"https:\/\/bilten.spk.rs\/spkbilten012026\/wp-content\/uploads\/2026\/05\/SRC_SLO.webp\" class=\"attachment-full size-full wp-image-593\" alt=\"\" srcset=\"https:\/\/bilten.spk.rs\/spkbilten012026\/wp-content\/uploads\/2026\/05\/SRC_SLO.webp 1080w, https:\/\/bilten.spk.rs\/spkbilten012026\/wp-content\/uploads\/2026\/05\/SRC_SLO-300x133.webp 300w, https:\/\/bilten.spk.rs\/spkbilten012026\/wp-content\/uploads\/2026\/05\/SRC_SLO-1024x455.webp 1024w, https:\/\/bilten.spk.rs\/spkbilten012026\/wp-content\/uploads\/2026\/05\/SRC_SLO-768x341.webp 768w\" sizes=\"(max-width: 1080px) 100vw, 1080px\" \/>\t\t\t\t\t\t\t\t<\/a>\n\t\t\t\t\t\t\t\t\t\t\t\t\t\t\t<\/div>\n\t\t\t\t\t<\/div>\n\t\t\t\t<\/div>\n\t\t\t\t<\/div>\n\t\t","protected":false},"excerpt":{"rendered":"<p>Intervju Tilen Rebec Direktor SRC doo Beograd in \u010dlan uprave SRC d.o.o. Ljubljana www.src.si V\u00a02026.\u00a0ne obstaja\u00a0\u201ebusiness as usual\u201c. Kako planirati [&hellip;]<\/p>\n","protected":false},"author":1,"featured_media":0,"parent":735,"menu_order":0,"comment_status":"closed","ping_status":"closed","template":"","meta":{"_angie_page":false,"site-sidebar-layout":"no-sidebar","site-content-layout":"","ast-site-content-layout":"full-width-container","site-content-style":"default","site-sidebar-style":"default","ast-global-header-display":"","ast-banner-title-visibility":"","ast-main-header-display":"","ast-hfb-above-header-display":"","ast-hfb-below-header-display":"","ast-hfb-mobile-header-display":"","site-post-title":"disabled","ast-breadcrumbs-content":"","ast-featured-img":"disabled","footer-sml-layout":"","ast-disable-related-posts":"","theme-transparent-header-meta":"default","adv-header-id-meta":"","stick-header-meta":"","header-above-stick-meta":"","header-main-stick-meta":"","header-below-stick-meta":"","astra-migrate-meta-layouts":"set","ast-page-background-enabled":"default","ast-page-background-meta":{"desktop":{"background-color":"var(--ast-global-color-5)","background-image":"","background-repeat":"repeat","background-position":"center center","background-size":"auto","background-attachment":"scroll","background-type":"","background-media":"","overlay-type":"","overlay-color":"","overlay-opacity":"","overlay-gradient":""},"tablet":{"background-color":"","background-image":"","background-repeat":"repeat","background-position":"center center","background-size":"auto","background-attachment":"scroll","background-type":"","background-media":"","overlay-type":"","overlay-color":"","overlay-opacity":"","overlay-gradient":""},"mobile":{"background-color":"","background-image":"","background-repeat":"repeat","background-position":"center center","background-size":"auto","background-attachment":"scroll","background-type":"","background-media":"","overlay-type":"","overlay-color":"","overlay-opacity":"","overlay-gradient":""}},"ast-content-background-meta":{"desktop":{"background-color":"var(--ast-global-color-4)","background-image":"","background-repeat":"repeat","background-position":"center center","background-size":"auto","background-attachment":"scroll","background-type":"","background-media":"","overlay-type":"","overlay-color":"","overlay-opacity":"","overlay-gradient":""},"tablet":{"background-color":"var(--ast-global-color-4)","background-image":"","background-repeat":"repeat","background-position":"center center","background-size":"auto","background-attachment":"scroll","background-type":"","background-media":"","overlay-type":"","overlay-color":"","overlay-opacity":"","overlay-gradient":""},"mobile":{"background-color":"var(--ast-global-color-4)","background-image":"","background-repeat":"repeat","background-position":"center center","background-size":"auto","background-attachment":"scroll","background-type":"","background-media":"","overlay-type":"","overlay-color":"","overlay-opacity":"","overlay-gradient":""}},"footnotes":""},"class_list":["post-790","page","type-page","status-publish","hentry"],"_links":{"self":[{"href":"https:\/\/bilten.spk.rs\/spkbilten012026\/wp-json\/wp\/v2\/pages\/790","targetHints":{"allow":["GET"]}}],"collection":[{"href":"https:\/\/bilten.spk.rs\/spkbilten012026\/wp-json\/wp\/v2\/pages"}],"about":[{"href":"https:\/\/bilten.spk.rs\/spkbilten012026\/wp-json\/wp\/v2\/types\/page"}],"author":[{"embeddable":true,"href":"https:\/\/bilten.spk.rs\/spkbilten012026\/wp-json\/wp\/v2\/users\/1"}],"replies":[{"embeddable":true,"href":"https:\/\/bilten.spk.rs\/spkbilten012026\/wp-json\/wp\/v2\/comments?post=790"}],"version-history":[{"count":25,"href":"https:\/\/bilten.spk.rs\/spkbilten012026\/wp-json\/wp\/v2\/pages\/790\/revisions"}],"predecessor-version":[{"id":1073,"href":"https:\/\/bilten.spk.rs\/spkbilten012026\/wp-json\/wp\/v2\/pages\/790\/revisions\/1073"}],"up":[{"embeddable":true,"href":"https:\/\/bilten.spk.rs\/spkbilten012026\/wp-json\/wp\/v2\/pages\/735"}],"wp:attachment":[{"href":"https:\/\/bilten.spk.rs\/spkbilten012026\/wp-json\/wp\/v2\/media?parent=790"}],"curies":[{"name":"wp","href":"https:\/\/api.w.org\/{rel}","templated":true}]}}